{"id":657,"date":"2022-07-19T14:24:15","date_gmt":"2022-07-19T13:24:15","guid":{"rendered":"https:\/\/bukszoc.hsro.hu\/?page_id=657"},"modified":"2022-09-01T09:50:05","modified_gmt":"2022-09-01T08:50:05","slug":"etkeztetes","status":"publish","type":"page","link":"https:\/\/bukszocialis.hu\/?page_id=657","title":{"rendered":"\u00c9tkeztet\u00e9s"},"content":{"rendered":"\t\t<div data-elementor-type=\"wp-page\" data-elementor-id=\"657\" class=\"elementor elementor-657\">\n\t\t\t\t\t\t<section class=\"elementor-section elementor-top-section elementor-element elementor-element-d1eb901 elementor-section-boxed elementor-section-height-default elementor-section-height-default\" data-id=\"d1eb901\" data-element_type=\"section\">\n\t\t\t\t\t\t<div class=\"elementor-container elementor-column-gap-default\">\n\t\t\t\t\t<div class=\"elementor-column elementor-col-100 elementor-top-column elementor-element elementor-element-6dbb592\" data-id=\"6dbb592\" data-element_type=\"column\">\n\t\t\t<div class=\"elementor-widget-wrap elementor-element-populated\">\n\t\t\t\t\t\t<div class=\"elementor-element elementor-element-adbf6a2 elementor-widget__width-inherit elementor-widget elementor-widget-text-editor\" data-id=\"adbf6a2\" data-element_type=\"widget\" data-widget_type=\"text-editor.default\">\n\t\t\t\t<div class=\"elementor-widget-container\">\n\t\t\t<style>\/*! elementor - v3.19.0 - 07-02-2024 *\/\n.elementor-widget-text-editor.elementor-drop-cap-view-stacked .elementor-drop-cap{background-color:#69727d;color:#fff}.elementor-widget-text-editor.elementor-drop-cap-view-framed .elementor-drop-cap{color:#69727d;border:3px solid;background-color:transparent}.elementor-widget-text-editor:not(.elementor-drop-cap-view-default) .elementor-drop-cap{margin-top:8px}.elementor-widget-text-editor:not(.elementor-drop-cap-view-default) .elementor-drop-cap-letter{width:1em;height:1em}.elementor-widget-text-editor .elementor-drop-cap{float:left;text-align:center;line-height:1;font-size:50px}.elementor-widget-text-editor .elementor-drop-cap-letter{display:inline-block}<\/style>\t\t\t\t<p><span style=\"color: rgba(0, 0, 0, 0.81);\">Napi egyszeri meleg \u00e9telt (eb\u00e9det) biztos\u00edtunk az arra szoci\u00e1lisan r\u00e1szorul\u00f3knak, akik azt \u00f6nmaguk illetve eltartottjaik r\u00e9sz\u00e9re tart\u00f3san, vagy \u00e1tmeneti jelleggel nem k\u00e9pesek biztos\u00edtani. K\u00e9r\u00e9sre az eb\u00e9det (t\u00e9r\u00edt\u00e9s ellen\u00e9ben) g\u00e9pkocsival h\u00e1zhoz sz\u00e1ll\u00edtjuk.<\/span><\/p>\t\t\t\t\t\t<\/div>\n\t\t\t\t<\/div>\n\t\t\t\t\t<\/div>\n\t\t<\/div>\n\t\t\t\t\t<\/div>\n\t\t<\/section>\n\t\t\t\t<section class=\"elementor-section elementor-top-section elementor-element elementor-element-22bea61 elementor-section-boxed elementor-section-height-default elementor-section-height-default\" data-id=\"22bea61\" data-element_type=\"section\">\n\t\t\t\t\t\t<div class=\"elementor-container elementor-column-gap-default\">\n\t\t\t\t\t<div class=\"elementor-column elementor-col-100 elementor-top-column elementor-element elementor-element-69a1074\" data-id=\"69a1074\" data-element_type=\"column\">\n\t\t\t<div class=\"elementor-widget-wrap elementor-element-populated\">\n\t\t\t\t\t\t<div class=\"elementor-element elementor-element-095d8c8 elementor-widget elementor-widget-text-editor\" data-id=\"095d8c8\" data-element_type=\"widget\" data-widget_type=\"text-editor.default\">\n\t\t\t\t<div class=\"elementor-widget-container\">\n\t\t\t\t\t\t\t<span class=\"iconify\" data-icon=\"akar-icons:arrow-back-thick-fill\"><\/span> <span style=\"color: #00ccff;\"><a style=\"color: #00ccff;\" href=\"\/?page_id=11\">Visszal\u00e9p\u00e9s a szolg\u00e1ltat\u00e1sokhoz<\/a><\/span>\t\t\t\t\t\t<\/div>\n\t\t\t\t<\/div>\n\t\t\t\t\t<\/div>\n\t\t<\/div>\n\t\t\t\t\t<\/div>\n\t\t<\/section>\n\t\t\t\t<\/div>\n\t\t","protected":false},"excerpt":{"rendered":"<p>Napi egyszeri meleg \u00e9telt (eb\u00e9det) biztos\u00edtunk az arra szoci\u00e1lisan r\u00e1szorul\u00f3knak, akik azt \u00f6nmaguk illetve eltartottjaik r\u00e9sz\u00e9re tart\u00f3san, vagy \u00e1tmeneti jelleggel nem k\u00e9pesek biztos\u00edtani. K\u00e9r\u00e9sre az eb\u00e9det (t\u00e9r\u00edt\u00e9s ellen\u00e9ben) g\u00e9pkocsival h\u00e1zhoz&#8230; <\/p>\n","protected":false},"author":1,"featured_media":0,"parent":0,"menu_order":0,"comment_status":"closed","ping_status":"closed","template":"","meta":{"ngg_post_thumbnail":0,"footnotes":""},"class_list":["post-657","page","type-page","status-publish","hentry"],"yoast_head":"<!-- This site is optimized with the Yoast SEO plugin v19.6.1 - https:\/\/yoast.com\/wordpress\/plugins\/seo\/ -->\n<title>\u00c9tkeztet\u00e9s - Dr. Horv\u00e1th Tibor Szoci\u00e1lis K\u00f6zpont<\/title>\n<meta name=\"robots\" content=\"index, follow, max-snippet:-1, max-image-preview:large, max-video-preview:-1\" \/>\n<link rel=\"canonical\" href=\"https:\/\/bukszocialis.hu\/?page_id=657\" \/>\n<meta property=\"og:locale\" content=\"hu_HU\" \/>\n<meta property=\"og:type\" content=\"article\" \/>\n<meta property=\"og:title\" content=\"\u00c9tkeztet\u00e9s - Dr. Horv\u00e1th Tibor Szoci\u00e1lis K\u00f6zpont\" \/>\n<meta property=\"og:description\" content=\"Napi egyszeri meleg \u00e9telt (eb\u00e9det) biztos\u00edtunk az arra szoci\u00e1lisan r\u00e1szorul\u00f3knak, akik azt \u00f6nmaguk illetve eltartottjaik r\u00e9sz\u00e9re tart\u00f3san, vagy \u00e1tmeneti jelleggel nem k\u00e9pesek biztos\u00edtani. K\u00e9r\u00e9sre az eb\u00e9det (t\u00e9r\u00edt\u00e9s ellen\u00e9ben) g\u00e9pkocsival h\u00e1zhoz...\" \/>\n<meta property=\"og:url\" content=\"https:\/\/bukszocialis.hu\/?page_id=657\" \/>\n<meta property=\"og:site_name\" content=\"Dr. Horv\u00e1th Tibor Szoci\u00e1lis K\u00f6zpont\" \/>\n<meta property=\"article:modified_time\" content=\"2022-09-01T08:50:05+00:00\" \/>\n<meta name=\"twitter:card\" content=\"summary_large_image\" \/>\n<script type=\"application\/ld+json\" class=\"yoast-schema-graph\">{\"@context\":\"https:\/\/schema.org\",\"@graph\":[{\"@type\":\"WebPage\",\"@id\":\"https:\/\/bukszocialis.hu\/?page_id=657\",\"url\":\"https:\/\/bukszocialis.hu\/?page_id=657\",\"name\":\"\u00c9tkeztet\u00e9s - Dr. Horv\u00e1th Tibor Szoci\u00e1lis K\u00f6zpont\",\"isPartOf\":{\"@id\":\"https:\/\/bukszocialis.hu\/#website\"},\"datePublished\":\"2022-07-19T13:24:15+00:00\",\"dateModified\":\"2022-09-01T08:50:05+00:00\",\"breadcrumb\":{\"@id\":\"https:\/\/bukszocialis.hu\/?page_id=657#breadcrumb\"},\"inLanguage\":\"hu\",\"potentialAction\":[{\"@type\":\"ReadAction\",\"target\":[\"https:\/\/bukszocialis.hu\/?page_id=657\"]}]},{\"@type\":\"BreadcrumbList\",\"@id\":\"https:\/\/bukszocialis.hu\/?page_id=657#breadcrumb\",\"itemListElement\":[{\"@type\":\"ListItem\",\"position\":1,\"name\":\"Kezd\u0151lap\",\"item\":\"https:\/\/bukszocialis.hu\/\"},{\"@type\":\"ListItem\",\"position\":2,\"name\":\"\u00c9tkeztet\u00e9s\"}]},{\"@type\":\"WebSite\",\"@id\":\"https:\/\/bukszocialis.hu\/#website\",\"url\":\"https:\/\/bukszocialis.hu\/\",\"name\":\"Dr. Horv\u00e1th Tibor Szoci\u00e1lis K\u00f6zpont\",\"description\":\"\",\"publisher\":{\"@id\":\"https:\/\/bukszocialis.hu\/#organization\"},\"potentialAction\":[{\"@type\":\"SearchAction\",\"target\":{\"@type\":\"EntryPoint\",\"urlTemplate\":\"https:\/\/bukszocialis.hu\/?s={search_term_string}\"},\"query-input\":\"required name=search_term_string\"}],\"inLanguage\":\"hu\"},{\"@type\":\"Organization\",\"@id\":\"https:\/\/bukszocialis.hu\/#organization\",\"name\":\"Dr. Horv\u00e1th Tibor Szoci\u00e1lis K\u00f6zpont\",\"url\":\"https:\/\/bukszocialis.hu\/\",\"sameAs\":[],\"logo\":{\"@type\":\"ImageObject\",\"inLanguage\":\"hu\",\"@id\":\"https:\/\/bukszocialis.hu\/#\/schema\/logo\/image\/\",\"url\":\"https:\/\/bukszocialis.hu\/wp-content\/uploads\/2022\/06\/cropped-Horvath-Tibor-Szoc_kozp-Color01-kek-03_uj.png\",\"contentUrl\":\"https:\/\/bukszocialis.hu\/wp-content\/uploads\/2022\/06\/cropped-Horvath-Tibor-Szoc_kozp-Color01-kek-03_uj.png\",\"width\":1164,\"height\":436,\"caption\":\"Dr. Horv\u00e1th Tibor Szoci\u00e1lis K\u00f6zpont\"},\"image\":{\"@id\":\"https:\/\/bukszocialis.hu\/#\/schema\/logo\/image\/\"}}]}<\/script>\n<!-- \/ Yoast SEO plugin. -->","yoast_head_json":{"title":"\u00c9tkeztet\u00e9s - Dr. Horv\u00e1th Tibor Szoci\u00e1lis K\u00f6zpont","robots":{"index":"index","follow":"follow","max-snippet":"max-snippet:-1","max-image-preview":"max-image-preview:large","max-video-preview":"max-video-preview:-1"},"canonical":"https:\/\/bukszocialis.hu\/?page_id=657","og_locale":"hu_HU","og_type":"article","og_title":"\u00c9tkeztet\u00e9s - Dr. Horv\u00e1th Tibor Szoci\u00e1lis K\u00f6zpont","og_description":"Napi egyszeri meleg \u00e9telt (eb\u00e9det) biztos\u00edtunk az arra szoci\u00e1lisan r\u00e1szorul\u00f3knak, akik azt \u00f6nmaguk illetve eltartottjaik r\u00e9sz\u00e9re tart\u00f3san, vagy \u00e1tmeneti jelleggel nem k\u00e9pesek biztos\u00edtani. K\u00e9r\u00e9sre az eb\u00e9det (t\u00e9r\u00edt\u00e9s ellen\u00e9ben) g\u00e9pkocsival h\u00e1zhoz...","og_url":"https:\/\/bukszocialis.hu\/?page_id=657","og_site_name":"Dr. Horv\u00e1th Tibor Szoci\u00e1lis K\u00f6zpont","article_modified_time":"2022-09-01T08:50:05+00:00","twitter_card":"summary_large_image","schema":{"@context":"https:\/\/schema.org","@graph":[{"@type":"WebPage","@id":"https:\/\/bukszocialis.hu\/?page_id=657","url":"https:\/\/bukszocialis.hu\/?page_id=657","name":"\u00c9tkeztet\u00e9s - Dr. Horv\u00e1th Tibor Szoci\u00e1lis K\u00f6zpont","isPartOf":{"@id":"https:\/\/bukszocialis.hu\/#website"},"datePublished":"2022-07-19T13:24:15+00:00","dateModified":"2022-09-01T08:50:05+00:00","breadcrumb":{"@id":"https:\/\/bukszocialis.hu\/?page_id=657#breadcrumb"},"inLanguage":"hu","potentialAction":[{"@type":"ReadAction","target":["https:\/\/bukszocialis.hu\/?page_id=657"]}]},{"@type":"BreadcrumbList","@id":"https:\/\/bukszocialis.hu\/?page_id=657#breadcrumb","itemListElement":[{"@type":"ListItem","position":1,"name":"Kezd\u0151lap","item":"https:\/\/bukszocialis.hu\/"},{"@type":"ListItem","position":2,"name":"\u00c9tkeztet\u00e9s"}]},{"@type":"WebSite","@id":"https:\/\/bukszocialis.hu\/#website","url":"https:\/\/bukszocialis.hu\/","name":"Dr. Horv\u00e1th Tibor Szoci\u00e1lis K\u00f6zpont","description":"","publisher":{"@id":"https:\/\/bukszocialis.hu\/#organization"},"potentialAction":[{"@type":"SearchAction","target":{"@type":"EntryPoint","urlTemplate":"https:\/\/bukszocialis.hu\/?s={search_term_string}"},"query-input":"required name=search_term_string"}],"inLanguage":"hu"},{"@type":"Organization","@id":"https:\/\/bukszocialis.hu\/#organization","name":"Dr. Horv\u00e1th Tibor Szoci\u00e1lis K\u00f6zpont","url":"https:\/\/bukszocialis.hu\/","sameAs":[],"logo":{"@type":"ImageObject","inLanguage":"hu","@id":"https:\/\/bukszocialis.hu\/#\/schema\/logo\/image\/","url":"https:\/\/bukszocialis.hu\/wp-content\/uploads\/2022\/06\/cropped-Horvath-Tibor-Szoc_kozp-Color01-kek-03_uj.png","contentUrl":"https:\/\/bukszocialis.hu\/wp-content\/uploads\/2022\/06\/cropped-Horvath-Tibor-Szoc_kozp-Color01-kek-03_uj.png","width":1164,"height":436,"caption":"Dr. Horv\u00e1th Tibor Szoci\u00e1lis K\u00f6zpont"},"image":{"@id":"https:\/\/bukszocialis.hu\/#\/schema\/logo\/image\/"}}]}},"_links":{"self":[{"href":"https:\/\/bukszocialis.hu\/index.php?rest_route=\/wp\/v2\/pages\/657","targetHints":{"allow":["GET"]}}],"collection":[{"href":"https:\/\/bukszocialis.hu\/index.php?rest_route=\/wp\/v2\/pages"}],"about":[{"href":"https:\/\/bukszocialis.hu\/index.php?rest_route=\/wp\/v2\/types\/page"}],"author":[{"embeddable":true,"href":"https:\/\/bukszocialis.hu\/index.php?rest_route=\/wp\/v2\/users\/1"}],"replies":[{"embeddable":true,"href":"https:\/\/bukszocialis.hu\/index.php?rest_route=%2Fwp%2Fv2%2Fcomments&post=657"}],"version-history":[{"count":7,"href":"https:\/\/bukszocialis.hu\/index.php?rest_route=\/wp\/v2\/pages\/657\/revisions"}],"predecessor-version":[{"id":815,"href":"https:\/\/bukszocialis.hu\/index.php?rest_route=\/wp\/v2\/pages\/657\/revisions\/815"}],"wp:attachment":[{"href":"https:\/\/bukszocialis.hu\/index.php?rest_route=%2Fwp%2Fv2%2Fmedia&parent=657"}],"curies":[{"name":"wp","href":"https:\/\/api.w.org\/{rel}","templated":true}]}}