{"id":650,"date":"2022-07-19T14:17:20","date_gmt":"2022-07-19T13:17:20","guid":{"rendered":"https:\/\/bukszoc.hsro.hu\/?page_id=650"},"modified":"2022-08-04T13:49:27","modified_gmt":"2022-08-04T12:49:27","slug":"idosek-otthona","status":"publish","type":"page","link":"https:\/\/bukszocialis.hu\/?page_id=650","title":{"rendered":"Id\u0151sek otthona"},"content":{"rendered":"\t\t<div data-elementor-type=\"wp-page\" data-elementor-id=\"650\" class=\"elementor elementor-650\">\n\t\t\t\t\t\t<section class=\"elementor-section elementor-top-section elementor-element elementor-element-908d9d6 elementor-section-boxed elementor-section-height-default elementor-section-height-default\" data-id=\"908d9d6\" data-element_type=\"section\">\n\t\t\t\t\t\t<div class=\"elementor-container elementor-column-gap-default\">\n\t\t\t\t\t<div class=\"elementor-column elementor-col-100 elementor-top-column elementor-element elementor-element-513baa9\" data-id=\"513baa9\" data-element_type=\"column\">\n\t\t\t<div class=\"elementor-widget-wrap elementor-element-populated\">\n\t\t\t\t\t\t<div class=\"elementor-element elementor-element-1f4e09b elementor-widget__width-inherit elementor-widget elementor-widget-text-editor\" data-id=\"1f4e09b\" data-element_type=\"widget\" data-widget_type=\"text-editor.default\">\n\t\t\t\t<div class=\"elementor-widget-container\">\n\t\t\t<style>\/*! elementor - v3.19.0 - 07-02-2024 *\/\n.elementor-widget-text-editor.elementor-drop-cap-view-stacked .elementor-drop-cap{background-color:#69727d;color:#fff}.elementor-widget-text-editor.elementor-drop-cap-view-framed .elementor-drop-cap{color:#69727d;border:3px solid;background-color:transparent}.elementor-widget-text-editor:not(.elementor-drop-cap-view-default) .elementor-drop-cap{margin-top:8px}.elementor-widget-text-editor:not(.elementor-drop-cap-view-default) .elementor-drop-cap-letter{width:1em;height:1em}.elementor-widget-text-editor .elementor-drop-cap{float:left;text-align:center;line-height:1;font-size:50px}.elementor-widget-text-editor .elementor-drop-cap-letter{display:inline-block}<\/style>\t\t\t\t<p class=\"text-justify\"><span style=\"color: rgba(0, 0, 0, 0.81);\">Az id\u0151sek otthon\u00e1ban \u00e9l\u0151k r\u00e9sz\u00e9re teljes k\u00f6r\u0171 ell\u00e1t\u00e1st biztos\u00edtunk, ami a megfelel\u0151 lakhat\u00e1si felt\u00e9teleken t\u00fal mag\u00e1ban foglalja az ell\u00e1tottak legal\u00e1bb napi h\u00e1romszori \u00e9tkeztet\u00e9s\u00e9t, szem\u00e9lyes ruh\u00e1zattal, text\u00edli\u00e1val val\u00f3 ell\u00e1t\u00e1st, eg\u00e9szs\u00e9gi \u00e1llapotuknak megfelel\u0151 orvosi, szakorvosi (k\u00f3rh\u00e1zi) ell\u00e1t\u00e1st, \u00e1pol\u00e1st, az ezzel \u00f6sszef\u00fcgg\u0151 gy\u00f3gyszer \u00e9s gy\u00f3gy\u00e1szati seg\u00e9deszk\u00f6zzel t\u00f6rt\u00e9n\u0151 ell\u00e1t\u00e1st, a lak\u00f3k \u00e1llapot\u00e1nak megfelel\u0151 ter\u00e1pi\u00e1s jelleg\u0171 foglalkoztat\u00e1st, ment\u00e1lis gondoz\u00e1st, k\u00f6z\u00f6ss\u00e9gi kapcsolataik szervez\u00e9s\u00e9t.<\/span><\/p><p class=\"text-justify\">\u00a0<\/p><p><span style=\"color: rgba(0, 0, 0, 0.81);\">Enged\u00e9lyezett l\u00e9tsz\u00e1m: 14 f\u0151<\/span><\/p>\t\t\t\t\t\t<\/div>\n\t\t\t\t<\/div>\n\t\t\t\t\t<\/div>\n\t\t<\/div>\n\t\t\t\t\t<\/div>\n\t\t<\/section>\n\t\t\t\t<section class=\"elementor-section elementor-top-section elementor-element elementor-element-438742d elementor-section-boxed elementor-section-height-default elementor-section-height-default\" data-id=\"438742d\" data-element_type=\"section\">\n\t\t\t\t\t\t<div class=\"elementor-container elementor-column-gap-default\">\n\t\t\t\t\t<div class=\"elementor-column elementor-col-100 elementor-top-column elementor-element elementor-element-0bc77fe\" data-id=\"0bc77fe\" data-element_type=\"column\">\n\t\t\t<div class=\"elementor-widget-wrap elementor-element-populated\">\n\t\t\t\t\t\t<div class=\"elementor-element elementor-element-57ab524 elementor-widget elementor-widget-text-editor\" data-id=\"57ab524\" data-element_type=\"widget\" data-widget_type=\"text-editor.default\">\n\t\t\t\t<div class=\"elementor-widget-container\">\n\t\t\t\t\t\t\t<span class=\"iconify\" data-icon=\"akar-icons:arrow-back-thick-fill\"><\/span> <span style=\"color: #00ccff;\"><a style=\"color: #00ccff;\" href=\"\/?page_id=11\">Visszal\u00e9p\u00e9s a szolg\u00e1ltat\u00e1sokhoz<\/a><\/span>\t\t\t\t\t\t<\/div>\n\t\t\t\t<\/div>\n\t\t\t\t\t<\/div>\n\t\t<\/div>\n\t\t\t\t\t<\/div>\n\t\t<\/section>\n\t\t\t\t<\/div>\n\t\t","protected":false},"excerpt":{"rendered":"<p>Az id\u0151sek otthon\u00e1ban \u00e9l\u0151k r\u00e9sz\u00e9re teljes k\u00f6r\u0171 ell\u00e1t\u00e1st biztos\u00edtunk, ami a megfelel\u0151 lakhat\u00e1si felt\u00e9teleken t\u00fal mag\u00e1ban foglalja az ell\u00e1tottak legal\u00e1bb napi h\u00e1romszori \u00e9tkeztet\u00e9s\u00e9t, szem\u00e9lyes ruh\u00e1zattal, text\u00edli\u00e1val val\u00f3 ell\u00e1t\u00e1st, eg\u00e9szs\u00e9gi \u00e1llapotuknak&#8230; <\/p>\n","protected":false},"author":1,"featured_media":0,"parent":0,"menu_order":0,"comment_status":"closed","ping_status":"closed","template":"","meta":{"ngg_post_thumbnail":0,"footnotes":""},"class_list":["post-650","page","type-page","status-publish","hentry"],"yoast_head":"<!-- This site is optimized with the Yoast SEO plugin v19.6.1 - https:\/\/yoast.com\/wordpress\/plugins\/seo\/ -->\n<title>Id\u0151sek otthona - Dr. Horv\u00e1th Tibor Szoci\u00e1lis K\u00f6zpont<\/title>\n<meta name=\"robots\" content=\"index, follow, max-snippet:-1, max-image-preview:large, max-video-preview:-1\" \/>\n<link rel=\"canonical\" href=\"https:\/\/bukszocialis.hu\/?page_id=650\" \/>\n<meta property=\"og:locale\" content=\"hu_HU\" \/>\n<meta property=\"og:type\" content=\"article\" \/>\n<meta property=\"og:title\" content=\"Id\u0151sek otthona - Dr. Horv\u00e1th Tibor Szoci\u00e1lis K\u00f6zpont\" \/>\n<meta property=\"og:description\" content=\"Az id\u0151sek otthon\u00e1ban \u00e9l\u0151k r\u00e9sz\u00e9re teljes k\u00f6r\u0171 ell\u00e1t\u00e1st biztos\u00edtunk, ami a megfelel\u0151 lakhat\u00e1si felt\u00e9teleken t\u00fal mag\u00e1ban foglalja az ell\u00e1tottak legal\u00e1bb napi h\u00e1romszori \u00e9tkeztet\u00e9s\u00e9t, szem\u00e9lyes ruh\u00e1zattal, text\u00edli\u00e1val val\u00f3 ell\u00e1t\u00e1st, eg\u00e9szs\u00e9gi \u00e1llapotuknak...\" \/>\n<meta property=\"og:url\" content=\"https:\/\/bukszocialis.hu\/?page_id=650\" \/>\n<meta property=\"og:site_name\" content=\"Dr. Horv\u00e1th Tibor Szoci\u00e1lis K\u00f6zpont\" \/>\n<meta property=\"article:modified_time\" content=\"2022-08-04T12:49:27+00:00\" \/>\n<meta name=\"twitter:card\" content=\"summary_large_image\" \/>\n<meta name=\"twitter:label1\" content=\"Becs\u00fclt olvas\u00e1si id\u0151\" \/>\n\t<meta name=\"twitter:data1\" content=\"1 perc\" \/>\n<script type=\"application\/ld+json\" class=\"yoast-schema-graph\">{\"@context\":\"https:\/\/schema.org\",\"@graph\":[{\"@type\":\"WebPage\",\"@id\":\"https:\/\/bukszocialis.hu\/?page_id=650\",\"url\":\"https:\/\/bukszocialis.hu\/?page_id=650\",\"name\":\"Id\u0151sek otthona - Dr. Horv\u00e1th Tibor Szoci\u00e1lis K\u00f6zpont\",\"isPartOf\":{\"@id\":\"https:\/\/bukszocialis.hu\/#website\"},\"datePublished\":\"2022-07-19T13:17:20+00:00\",\"dateModified\":\"2022-08-04T12:49:27+00:00\",\"breadcrumb\":{\"@id\":\"https:\/\/bukszocialis.hu\/?page_id=650#breadcrumb\"},\"inLanguage\":\"hu\",\"potentialAction\":[{\"@type\":\"ReadAction\",\"target\":[\"https:\/\/bukszocialis.hu\/?page_id=650\"]}]},{\"@type\":\"BreadcrumbList\",\"@id\":\"https:\/\/bukszocialis.hu\/?page_id=650#breadcrumb\",\"itemListElement\":[{\"@type\":\"ListItem\",\"position\":1,\"name\":\"Kezd\u0151lap\",\"item\":\"https:\/\/bukszocialis.hu\/\"},{\"@type\":\"ListItem\",\"position\":2,\"name\":\"Id\u0151sek otthona\"}]},{\"@type\":\"WebSite\",\"@id\":\"https:\/\/bukszocialis.hu\/#website\",\"url\":\"https:\/\/bukszocialis.hu\/\",\"name\":\"Dr. Horv\u00e1th Tibor Szoci\u00e1lis K\u00f6zpont\",\"description\":\"\",\"publisher\":{\"@id\":\"https:\/\/bukszocialis.hu\/#organization\"},\"potentialAction\":[{\"@type\":\"SearchAction\",\"target\":{\"@type\":\"EntryPoint\",\"urlTemplate\":\"https:\/\/bukszocialis.hu\/?s={search_term_string}\"},\"query-input\":\"required name=search_term_string\"}],\"inLanguage\":\"hu\"},{\"@type\":\"Organization\",\"@id\":\"https:\/\/bukszocialis.hu\/#organization\",\"name\":\"Dr. Horv\u00e1th Tibor Szoci\u00e1lis K\u00f6zpont\",\"url\":\"https:\/\/bukszocialis.hu\/\",\"sameAs\":[],\"logo\":{\"@type\":\"ImageObject\",\"inLanguage\":\"hu\",\"@id\":\"https:\/\/bukszocialis.hu\/#\/schema\/logo\/image\/\",\"url\":\"https:\/\/bukszocialis.hu\/wp-content\/uploads\/2022\/06\/cropped-Horvath-Tibor-Szoc_kozp-Color01-kek-03_uj.png\",\"contentUrl\":\"https:\/\/bukszocialis.hu\/wp-content\/uploads\/2022\/06\/cropped-Horvath-Tibor-Szoc_kozp-Color01-kek-03_uj.png\",\"width\":1164,\"height\":436,\"caption\":\"Dr. Horv\u00e1th Tibor Szoci\u00e1lis K\u00f6zpont\"},\"image\":{\"@id\":\"https:\/\/bukszocialis.hu\/#\/schema\/logo\/image\/\"}}]}<\/script>\n<!-- \/ Yoast SEO plugin. -->","yoast_head_json":{"title":"Id\u0151sek otthona - Dr. Horv\u00e1th Tibor Szoci\u00e1lis K\u00f6zpont","robots":{"index":"index","follow":"follow","max-snippet":"max-snippet:-1","max-image-preview":"max-image-preview:large","max-video-preview":"max-video-preview:-1"},"canonical":"https:\/\/bukszocialis.hu\/?page_id=650","og_locale":"hu_HU","og_type":"article","og_title":"Id\u0151sek otthona - Dr. Horv\u00e1th Tibor Szoci\u00e1lis K\u00f6zpont","og_description":"Az id\u0151sek otthon\u00e1ban \u00e9l\u0151k r\u00e9sz\u00e9re teljes k\u00f6r\u0171 ell\u00e1t\u00e1st biztos\u00edtunk, ami a megfelel\u0151 lakhat\u00e1si felt\u00e9teleken t\u00fal mag\u00e1ban foglalja az ell\u00e1tottak legal\u00e1bb napi h\u00e1romszori \u00e9tkeztet\u00e9s\u00e9t, szem\u00e9lyes ruh\u00e1zattal, text\u00edli\u00e1val val\u00f3 ell\u00e1t\u00e1st, eg\u00e9szs\u00e9gi \u00e1llapotuknak...","og_url":"https:\/\/bukszocialis.hu\/?page_id=650","og_site_name":"Dr. Horv\u00e1th Tibor Szoci\u00e1lis K\u00f6zpont","article_modified_time":"2022-08-04T12:49:27+00:00","twitter_card":"summary_large_image","twitter_misc":{"Becs\u00fclt olvas\u00e1si id\u0151":"1 perc"},"schema":{"@context":"https:\/\/schema.org","@graph":[{"@type":"WebPage","@id":"https:\/\/bukszocialis.hu\/?page_id=650","url":"https:\/\/bukszocialis.hu\/?page_id=650","name":"Id\u0151sek otthona - Dr. Horv\u00e1th Tibor Szoci\u00e1lis K\u00f6zpont","isPartOf":{"@id":"https:\/\/bukszocialis.hu\/#website"},"datePublished":"2022-07-19T13:17:20+00:00","dateModified":"2022-08-04T12:49:27+00:00","breadcrumb":{"@id":"https:\/\/bukszocialis.hu\/?page_id=650#breadcrumb"},"inLanguage":"hu","potentialAction":[{"@type":"ReadAction","target":["https:\/\/bukszocialis.hu\/?page_id=650"]}]},{"@type":"BreadcrumbList","@id":"https:\/\/bukszocialis.hu\/?page_id=650#breadcrumb","itemListElement":[{"@type":"ListItem","position":1,"name":"Kezd\u0151lap","item":"https:\/\/bukszocialis.hu\/"},{"@type":"ListItem","position":2,"name":"Id\u0151sek otthona"}]},{"@type":"WebSite","@id":"https:\/\/bukszocialis.hu\/#website","url":"https:\/\/bukszocialis.hu\/","name":"Dr. Horv\u00e1th Tibor Szoci\u00e1lis K\u00f6zpont","description":"","publisher":{"@id":"https:\/\/bukszocialis.hu\/#organization"},"potentialAction":[{"@type":"SearchAction","target":{"@type":"EntryPoint","urlTemplate":"https:\/\/bukszocialis.hu\/?s={search_term_string}"},"query-input":"required name=search_term_string"}],"inLanguage":"hu"},{"@type":"Organization","@id":"https:\/\/bukszocialis.hu\/#organization","name":"Dr. Horv\u00e1th Tibor Szoci\u00e1lis K\u00f6zpont","url":"https:\/\/bukszocialis.hu\/","sameAs":[],"logo":{"@type":"ImageObject","inLanguage":"hu","@id":"https:\/\/bukszocialis.hu\/#\/schema\/logo\/image\/","url":"https:\/\/bukszocialis.hu\/wp-content\/uploads\/2022\/06\/cropped-Horvath-Tibor-Szoc_kozp-Color01-kek-03_uj.png","contentUrl":"https:\/\/bukszocialis.hu\/wp-content\/uploads\/2022\/06\/cropped-Horvath-Tibor-Szoc_kozp-Color01-kek-03_uj.png","width":1164,"height":436,"caption":"Dr. Horv\u00e1th Tibor Szoci\u00e1lis K\u00f6zpont"},"image":{"@id":"https:\/\/bukszocialis.hu\/#\/schema\/logo\/image\/"}}]}},"_links":{"self":[{"href":"https:\/\/bukszocialis.hu\/index.php?rest_route=\/wp\/v2\/pages\/650","targetHints":{"allow":["GET"]}}],"collection":[{"href":"https:\/\/bukszocialis.hu\/index.php?rest_route=\/wp\/v2\/pages"}],"about":[{"href":"https:\/\/bukszocialis.hu\/index.php?rest_route=\/wp\/v2\/types\/page"}],"author":[{"embeddable":true,"href":"https:\/\/bukszocialis.hu\/index.php?rest_route=\/wp\/v2\/users\/1"}],"replies":[{"embeddable":true,"href":"https:\/\/bukszocialis.hu\/index.php?rest_route=%2Fwp%2Fv2%2Fcomments&post=650"}],"version-history":[{"count":41,"href":"https:\/\/bukszocialis.hu\/index.php?rest_route=\/wp\/v2\/pages\/650\/revisions"}],"predecessor-version":[{"id":803,"href":"https:\/\/bukszocialis.hu\/index.php?rest_route=\/wp\/v2\/pages\/650\/revisions\/803"}],"wp:attachment":[{"href":"https:\/\/bukszocialis.hu\/index.php?rest_route=%2Fwp%2Fv2%2Fmedia&parent=650"}],"curies":[{"name":"wp","href":"https:\/\/api.w.org\/{rel}","templated":true}]}}