{"id":232,"date":"2022-05-23T12:59:31","date_gmt":"2022-05-23T11:59:31","guid":{"rendered":"https:\/\/bukszoc.hsro.hu\/?page_id=232"},"modified":"2026-01-08T09:47:06","modified_gmt":"2026-01-08T08:47:06","slug":"tevekenysegre-mukodesre-vonatkozo-adatok","status":"publish","type":"page","link":"https:\/\/bukszocialis.hu\/?page_id=232","title":{"rendered":"II. Tev\u00e9kenys\u00e9gre, m\u0171k\u00f6d\u00e9sre vonatkoz\u00f3 adatok"},"content":{"rendered":"\n<h2 class=\"wp-block-heading\">1. A szerv alaptev\u00e9kenys\u00e9ge, feladat- \u00e9s hat\u00e1sk\u00f6re<\/h2>\n\n\n\n<h3 class=\"wp-block-heading\">Alap\u00edt\u00f3 okirat<\/h3>\n\n\n\n<p>Az alap\u00edt\u00f3 okirat&nbsp;<a href=\"https:\/\/bukszocialis.hu\/?wpdmpro=alapito-okirat\" target=\"_blank\" rel=\"noreferrer noopener\"><strong>IDE<\/strong><\/a>&nbsp;kattintva t\u00f6lthet\u0151 le.<\/p>\n\n\n\n<h3 class=\"wp-block-heading\">Szervezeti \u00e9s m\u0171k\u00f6d\u00e9si szab\u00e1lyzat<\/h3>\n\n\n\n<p>A Szervezeti \u00e9s M\u0171k\u00f6d\u00e9si Szab\u00e1lyzat <a href=\"https:\/\/bukszocialis.hu\/?wpdmpro=szervezeti-es-mukodesi-szabalyzat\" target=\"_blank\" rel=\"noreferrer noopener\"><strong>IDE<\/strong><\/a>&nbsp;kattintva t\u00f6lthet\u0151 le.<\/p>\n\n\n\n<h3 class=\"wp-block-heading\">Szakmai program<\/h3>\n\n\n\n<p>A szakmai program <a href=\"https:\/\/bukszocialis.hu\/?wpdmpro=szakmai-program\" target=\"_blank\" rel=\"noreferrer noopener\"><strong>IDE<\/strong><\/a>&nbsp;kattintva t\u00f6lthet\u0151 le.<\/p>\n\n\n\n<h2 class=\"wp-block-heading\">2. Hat\u00f3s\u00e1gi \u00fcgyek int\u00e9z\u00e9s\u00e9nek rendj\u00e9vel kapcsolatos adatok<\/h2>\n\n\n\n<figure class=\"wp-block-table is-style-regular\"><table class=\"has-fixed-layout\"><tbody><tr><td>1. Az \u00e1llamigazgat\u00e1si, \u00f6nkorm\u00e1nyzati \u00e9s egy\u00e9b hat\u00f3s\u00e1gi \u00fcgyekben \u00fcgyfajt\u00e1nk\u00e9nt \u00e9s elj\u00e1r\u00e1st\u00edpusonk\u00e9nt a hat\u00e1sk\u00f6rrel rendelkez\u0151 szerv megnevez\u00e9se, hat\u00e1sk\u00f6r gyakorl\u00e1s\u00e1nak \u00e1truh\u00e1z\u00e1sa eset\u00e9n a t\u00e9nylegesen elj\u00e1r\u00f3 szerv megnevez\u00e9se<\/td><td>&#8211;<\/td><\/tr><tr><td>2. Az \u00e1llamigazgat\u00e1si, \u00f6nkorm\u00e1nyzati \u00e9s egy\u00e9b hat\u00f3s\u00e1gi \u00fcgyekben \u00fcgyfajt\u00e1nk\u00e9nt \u00e9s elj\u00e1r\u00e1st\u00edpusonk\u00e9nt a hat\u00e1sk\u00f6rrel rendelkez\u0151, hat\u00e1sk\u00f6r gyakorl\u00e1s\u00e1nak \u00e1truh\u00e1z\u00e1sa eset\u00e9n a t\u00e9nylegesen elj\u00e1r\u00f3 szerv illet\u00e9kess\u00e9gi ter\u00fclete<\/td><td>&#8211; Id\u0151sek otthona (B\u00fck)<br>&#8211; Szoci\u00e1lis \u00e9tkeztet\u00e9s (B\u00fck)<br>&#8211; H\u00e1zi seg\u00edts\u00e9gny\u00fajt\u00e1s (B\u00fck)<br>&#8211; Id\u0151skor\u00faak nappali ell\u00e1t\u00e1sa (B\u0151, B\u00fck, Chernelh\u00e1zadamonya, G\u00f3r, Iklanber\u00e9ny, L\u00f3cs, Mesterh\u00e1za, R\u00e9pceszentgy\u00f6rgy, Simas\u00e1g, Tompal\u00e1dony \u00e9s Sajtosk\u00e1l)<\/td><\/tr><tr><td>3. Az \u00e1llamigazgat\u00e1si, \u00f6nkorm\u00e1nyzati \u00e9s egy\u00e9b hat\u00f3s\u00e1gi \u00fcgyekben az \u00fcgyint\u00e9z\u00e9shez sz\u00fcks\u00e9ges dokumentumok, okm\u00e1nyok felsorol\u00e1sa<\/td><td><a href=\"?wpdmpro=kerelem\">Szolg\u00e1ltat\u00e1s ig\u00e9nybev\u00e9teli k\u00e9relem<\/a><\/td><\/tr><tr><td>4. Az \u00e1llamigazgat\u00e1si, \u00f6nkorm\u00e1nyzati \u00e9s egy\u00e9b hat\u00f3s\u00e1gi \u00fcgyekben az elj\u00e1r\u00e1si illet\u00e9kek, igazgat\u00e1si szolg\u00e1ltat\u00e1si d\u00edjak \u00f6sszege<\/td><td>&#8211;<\/td><\/tr><tr><td>5. Az \u00e1llamigazgat\u00e1si, \u00f6nkorm\u00e1nyzati \u00e9s egy\u00e9b hat\u00f3s\u00e1gi \u00fcgyekben az alapvet\u0151 elj\u00e1r\u00e1si szab\u00e1lyok, ezek magyar\u00e1zata, az \u00fcgyint\u00e9z\u00e9st seg\u00edt\u0151 \u00fatmutat\u00f3k, az \u00fcgymenetre vonatkoz\u00f3 t\u00e1j\u00e9koztat\u00e1s<\/td><td><a href=\"https:\/\/or.njt.hu\/onkormanyzati-rendelet\/520241\">B\u00fck \u00d6nkorm\u00e1nyzat K\u00e9pvisel\u0151-test\u00fclet\u00e9nek 3\/2015. (II.27.) \u00f6nkorm\u00e1nyzati rendelete a szoci\u00e1lis gondoskod\u00e1s helyi szab\u00e1lyair\u00f3l<\/a><\/td><\/tr><tr><td>6. Az \u00e1llamigazgat\u00e1si, \u00f6nkorm\u00e1nyzati \u00e9s egy\u00e9b hat\u00f3s\u00e1gi \u00fcgyekben az elj\u00e1r\u00e1st megind\u00edt\u00f3 irat beny\u00fajt\u00e1s\u00e1ra szolg\u00e1l\u00f3 postac\u00edm (postafi\u00f3k szerinti c\u00edm, ha van), \u00fcgyf\u00e9lfogad\u00e1si vagy k\u00f6z\u00f6ns\u00e9gkapcsolati c\u00edm \u00e9s nyitvatart\u00e1si id\u0151<\/td><td>9737 B\u00fck, Baross G. u. 11.<br>94\/558-370 | 94\/558-371 | bukszockozpont@gmail.com<br>H-Cs: 8.00-16.00; P: 8.00-13:30; Sz-V: z\u00e1rva<\/td><\/tr><tr><td>7. Az \u00e1llamigazgat\u00e1si, \u00f6nkorm\u00e1nyzati \u00e9s egy\u00e9b hat\u00f3s\u00e1gi \u00fcgyekben az elj\u00e1r\u00e1st megind\u00edt\u00f3 irat beny\u00fajt\u00e1s\u00e1ra, elint\u00e9z\u00e9s\u00e9re, fellebbez\u00e9s\u00e9re nyitva \u00e1ll\u00f3 hat\u00e1rid\u0151<\/td><td>&#8211;<\/td><\/tr><tr><td>8. Az \u00e1llamigazgat\u00e1si, \u00f6nkorm\u00e1nyzati \u00e9s egy\u00e9b hat\u00f3s\u00e1gi \u00fcgyekben haszn\u00e1lt formanyomtatv\u00e1nyok list\u00e1ja<\/td><td><a href=\"?wpdmpro=kerelem\">Szolg\u00e1ltat\u00e1s ig\u00e9nybev\u00e9teli k\u00e9relem<\/a><\/td><\/tr><tr><td>9. Az \u00e1llamigazgat\u00e1si, \u00f6nkorm\u00e1nyzati, \u00e9s egy\u00e9b hat\u00f3s\u00e1gi \u00fcgyekben ig\u00e9nybe vehet\u0151 elektronikus programok el\u00e9r\u00e9se, id\u0151pontfoglal\u00e1s<\/td><td>&#8211;<\/td><\/tr><tr><td>10. Az \u00e1llamigazgat\u00e1si, \u00f6nkorm\u00e1nyzati, \u00e9s egy\u00e9b hat\u00f3s\u00e1gi \u00fcgyekben az \u00fcgyt\u00edpusokhoz kapcsol\u00f3d\u00f3 jogszab\u00e1lyok jegyz\u00e9ke, t\u00e1j\u00e9koztat\u00e1s az \u00fcgyfelet megillet\u0151 jogokr\u00f3l \u00e9s az \u00fcgyfelet terhel\u0151 k\u00f6telezetts\u00e9gekr\u0151l<\/td><td><a href=\"https:\/\/net.jogtar.hu\/jogszabaly?docid=99300003.tv\">1993. \u00e9vi III. t\u00f6rv\u00e9ny a szoci\u00e1lis igazgat\u00e1sr\u00f3l \u00e9s szoci\u00e1lis ell\u00e1t\u00e1sokr\u00f3l<\/a><br><br><a href=\"https:\/\/or.njt.hu\/onkormanyzati-rendelet\/520241\">B\u00fck \u00d6nkorm\u00e1nyzat K\u00e9pvisel\u0151-test\u00fclet\u00e9nek 3\/2015. (II.27.) \u00f6nkorm\u00e1nyzati rendelete a szoci\u00e1lis gondoskod\u00e1s helyi szab\u00e1lyair\u00f3l<\/a><br><br><a href=\"https:\/\/net.jogtar.hu\/jogszabaly?docid=99300009.nm\" data-type=\"URL\" data-id=\"https:\/\/net.jogtar.hu\/jogszabaly?docid=99300009.nm\">9\/1993. (IV. 2.) NM rendelet<br>az eg\u00e9szs\u00e9g\u00fcgyi szakell\u00e1t\u00e1s t\u00e1rsadalombiztos\u00edt\u00e1si finansz\u00edroz\u00e1s\u00e1nak egyes k\u00e9rd\u00e9seir\u0151l<\/a><br><br><a href=\"https:\/\/net.jogtar.hu\/jogszabaly?docid=a0000001.scm\" data-type=\"URL\" data-id=\"https:\/\/net.jogtar.hu\/jogszabaly?docid=a0000001.scm\">1\/2000. (I. 7.) SzCsM rendelet<br>a szem\u00e9lyes gondoskod\u00e1st ny\u00fajt\u00f3 szoci\u00e1lis int\u00e9zm\u00e9nyek szakmai feladatair\u00f3l \u00e9s m\u0171k\u00f6d\u00e9s\u00fck felt\u00e9teleir\u0151l<\/a><\/td><\/tr><\/tbody><\/table><\/figure>\n\n\n\n<h2 class=\"wp-block-heading\">3. K\u00f6zszolg\u00e1ltat\u00e1sok<\/h2>\n\n\n\n<p>Az ide tartoz\u00f3 inform\u00e1ci\u00f3k az <a href=\"https:\/\/bukszocialis.hu\/?wpdmpro=alapito-okirat\" data-type=\"URL\" data-id=\"https:\/\/bukszocialis.hu\/?wpdmpro=alapito-okirat\">alap\u00edt\u00f3 okiratban<\/a> tal\u00e1lhat\u00f3ak meg.<\/p>\n\n\n\n<h2 class=\"wp-block-heading\">4. A szerv nyilv\u00e1ntart\u00e1sai<\/h2>\n\n\n\n<p>KENYSZI rendszer szerint:<\/p>\n\n\n\n<ul class=\"wp-block-list\">\n<li>Let\u00f6lt\u00f6tt f\u00e1jl form\u00e1tuma<\/li>\n\n\n\n<li>Szolg\u00e1ltat\u00e1s adatai<\/li>\n\n\n\n<li>Fenntart\u00f3 neve<\/li>\n\n\n\n<li>Szolg\u00e1ltat\u00f3 neve<\/li>\n\n\n\n<li>Sz\u00e9khely\/telephely neve<\/li>\n\n\n\n<li>Szolg\u00e1ltat\u00e1s<\/li>\n\n\n\n<li><strong>Ig\u00e9nybevev\u0151 adatai<\/strong>\n<ul class=\"wp-block-list\">\n<li>Taj azonos\u00edt\u00f3<\/li>\n\n\n\n<li>Viselt neve<\/li>\n\n\n\n<li>Sz\u00fclet\u00e9si neve<\/li>\n\n\n\n<li>Sz\u00fclet\u00e9si hely<\/li>\n\n\n\n<li>Sz\u00fclet\u00e9si id\u0151<\/li>\n\n\n\n<li>Anyja sz\u00fclet\u00e9si neve<\/li>\n\n\n\n<li>Neme<\/li>\n\n\n\n<li>\u00c1llampolg\u00e1rs\u00e1ga<\/li>\n\n\n\n<li>\u00c1llampolg\u00e1r\u00e1si jog\u00e1ll\u00e1sa<\/li>\n\n\n\n<li>\u00c1lland\u00f3 magyar lakhelye<\/li>\n\n\n\n<li>Tart\u00f3zkod\u00e1si helye\/Sz\u00e1ll\u00e1shelye<\/li>\n<\/ul>\n<\/li>\n\n\n\n<li><strong>Meg\u00e1llap\u00f3d\u00e1s adatai<\/strong>\n<ul class=\"wp-block-list\">\n<li>Ig\u00e9nybevev\u0151 viselt neve<\/li>\n\n\n\n<li>Ig\u00e9nybevev\u0151 TAJ<\/li>\n\n\n\n<li>Szolg\u00e1ltat\u00e1sny\u00fajt\u00e1s\/ell\u00e1t\u00e1s kezdete<\/li>\n\n\n\n<li>Szolg\u00e1ltat\u00e1sny\u00fajt\u00e1s\/ell\u00e1t\u00e1s v\u00e9ge<\/li>\n\n\n\n<li>Hat\u00e1rozatlan (i\/n)<\/li>\n\n\n\n<li>Szolg\u00e1ltat\u00f3 tev\u00e9kenys\u00e9g t\u00edpusa<\/li>\n<\/ul>\n<\/li>\n<\/ul>\n\n\n\n<h2 class=\"wp-block-heading\">5. Nyilv\u00e1nos kiadv\u00e1nyok<\/h2>\n\n\n\n<p>Nem relev\u00e1ns.<\/p>\n\n\n\n<h2 class=\"wp-block-heading\">6. D\u00f6nt\u00e9shozatal, \u00fcl\u00e9sek<\/h2>\n\n\n\n<p>Nem relev\u00e1ns.<\/p>\n\n\n\n<h2 class=\"wp-block-heading\">7. A szerv d\u00f6nt\u00e9sei, koncepci\u00f3k, tervezetek, javaslatok<\/h2>\n\n\n\n<p>Nem relev\u00e1ns.<\/p>\n\n\n\n<h2 class=\"wp-block-heading\">8. P\u00e1ly\u00e1zatok<\/h2>\n\n\n\n<p>Nem relev\u00e1ns.<\/p>\n\n\n\n<h2 class=\"wp-block-heading\">9. Hirdetmeny\u00e9k<\/h2>\n\n\n\n<p>B\u00fck V\u00e1ros hirdetm\u00e9nyeihez\/k\u00f6zlem\u00e9nyeihez kattintson <a href=\"https:\/\/www.buk.hu\/hu\/hirek\/hirdetmenyek.html\" data-type=\"URL\" data-id=\"https:\/\/www.buk.hu\/hu\/hirek\/hirdetmenyek.html\">IDE<\/a>.<\/p>\n\n\n\n<h2 class=\"wp-block-heading\">10. K\u00f6z\u00e9rdek\u0171 adatok ig\u00e9nyl\u00e9se<\/h2>\n\n\n\n<p class=\"margin-bottom-zero\">A k\u00f6z\u00e9rdek\u0171 adatok megismer\u00e9s\u00e9vel kapcsolatos inform\u00e1ci\u00f3k az al\u00e1bbi dokumentumokban tal\u00e1lhat\u00f3k meg:<\/p>\n\n\n\n<ul class=\"wp-block-list\">\n<li><a href=\"https:\/\/bukszocialis.hu\/?wpdmpro=kozederku-adatok-megismerese-szabalyzat\">K\u00f6z\u00e9rdek\u0171 adatok megismer\u00e9se &#8211; szab\u00e1lyzat<\/a><\/li>\n\n\n\n<li><a href=\"\/?wpdmpro=kozerdeku-adatok-kozzeteteli-kotelezettsege-szabalyzat-ellenorz-nyomvonallal-vegleges\" data-type=\"URL\" data-id=\"\/?wpdmpro=kozerdeku-adatok-kozzeteteli-kotelezettsege-szabalyzat-ellenorz-nyomvonallal-vegleges\">K\u00f6z\u00e9rdek\u0171 adatok k\u00f6zz\u00e9t\u00e9teli k\u00f6telezetts\u00e9ge szab\u00e1lyzat ellen\u0151rz. nyomvonallal<\/a><\/li>\n<\/ul>\n\n\n\n<p><\/p>\n\n\n\n<p class=\"margin-bottom-zero\">A 2011. \u00e9vi CXII. t\u00f6rv\u00e9ny VI\/B fejezete alapj\u00e1n a Nemzeti Adatv\u00e9delmi \u00e9s Inform\u00e1ci\u00f3szabads\u00e1g Hat\u00f3s\u00e1g r\u00e9sz\u00e9re megk\u00fcld\u00f6tt \u00e9ves k\u00f6z\u00e9rdek\u0171 adatokkal kapcsolatos k\u00f6telez\u0151 statisztikai adatszolg\u00e1ltat\u00e1s az al\u00e1bbi dokumentumokban tekinthet\u0151 meg:<\/p>\n\n\n\n<ul class=\"wp-block-list\">\n<li><a href=\"https:\/\/bukszocialis.hu\/?wpdmpro=2024-es-naih-jelentes-a-kozerdeku-adatok-igenyleserol\">2024 -es jelent\u00e9s<\/a><\/li>\n\n\n\n<li><a href=\"https:\/\/bukszocialis.hu\/?wpdmpro=2025-os-naih-jelentes-a-kozerdeku-adatok-igenyleserol\">2025 -\u00f6s jelent\u00e9s<\/a><\/li>\n<\/ul>\n\n\n\n<h2 class=\"wp-block-heading\">11. K\u00f6zz\u00e9t\u00e9teli list\u00e1k<\/h2>\n\n\n\n<p>Nem relev\u00e1ns.<\/p>\n","protected":false},"excerpt":{"rendered":"<p>1. A szerv alaptev\u00e9kenys\u00e9ge, feladat- \u00e9s hat\u00e1sk\u00f6re Alap\u00edt\u00f3 okirat Az alap\u00edt\u00f3 okirat&nbsp;IDE&nbsp;kattintva t\u00f6lthet\u0151 le. Szervezeti \u00e9s m\u0171k\u00f6d\u00e9si szab\u00e1lyzat A Szervezeti \u00e9s M\u0171k\u00f6d\u00e9si Szab\u00e1lyzat IDE&nbsp;kattintva t\u00f6lthet\u0151 le. Szakmai program A szakmai&#8230; <\/p>\n","protected":false},"author":1,"featured_media":0,"parent":0,"menu_order":0,"comment_status":"closed","ping_status":"closed","template":"","meta":{"ngg_post_thumbnail":0,"footnotes":""},"class_list":["post-232","page","type-page","status-publish","hentry"],"yoast_head":"<!-- This site is optimized with the Yoast SEO plugin v19.6.1 - https:\/\/yoast.com\/wordpress\/plugins\/seo\/ -->\n<title>II. Tev\u00e9kenys\u00e9gre, m\u0171k\u00f6d\u00e9sre vonatkoz\u00f3 adatok - Dr. Horv\u00e1th Tibor Szoci\u00e1lis K\u00f6zpont<\/title>\n<meta name=\"robots\" content=\"index, follow, max-snippet:-1, max-image-preview:large, max-video-preview:-1\" \/>\n<link rel=\"canonical\" href=\"https:\/\/bukszocialis.hu\/?page_id=232\" \/>\n<meta property=\"og:locale\" content=\"hu_HU\" \/>\n<meta property=\"og:type\" content=\"article\" \/>\n<meta property=\"og:title\" content=\"II. Tev\u00e9kenys\u00e9gre, m\u0171k\u00f6d\u00e9sre vonatkoz\u00f3 adatok - Dr. Horv\u00e1th Tibor Szoci\u00e1lis K\u00f6zpont\" \/>\n<meta property=\"og:description\" content=\"1. A szerv alaptev\u00e9kenys\u00e9ge, feladat- \u00e9s hat\u00e1sk\u00f6re Alap\u00edt\u00f3 okirat Az alap\u00edt\u00f3 okirat&nbsp;IDE&nbsp;kattintva t\u00f6lthet\u0151 le. Szervezeti \u00e9s m\u0171k\u00f6d\u00e9si szab\u00e1lyzat A Szervezeti \u00e9s M\u0171k\u00f6d\u00e9si Szab\u00e1lyzat IDE&nbsp;kattintva t\u00f6lthet\u0151 le. Szakmai program A szakmai...\" \/>\n<meta property=\"og:url\" content=\"https:\/\/bukszocialis.hu\/?page_id=232\" \/>\n<meta property=\"og:site_name\" content=\"Dr. Horv\u00e1th Tibor Szoci\u00e1lis K\u00f6zpont\" \/>\n<meta property=\"article:modified_time\" content=\"2026-01-08T08:47:06+00:00\" \/>\n<meta name=\"twitter:card\" content=\"summary_large_image\" \/>\n<meta name=\"twitter:label1\" content=\"Becs\u00fclt olvas\u00e1si id\u0151\" \/>\n\t<meta name=\"twitter:data1\" content=\"3 perc\" \/>\n<script type=\"application\/ld+json\" class=\"yoast-schema-graph\">{\"@context\":\"https:\/\/schema.org\",\"@graph\":[{\"@type\":\"WebPage\",\"@id\":\"https:\/\/bukszocialis.hu\/?page_id=232\",\"url\":\"https:\/\/bukszocialis.hu\/?page_id=232\",\"name\":\"II. Tev\u00e9kenys\u00e9gre, m\u0171k\u00f6d\u00e9sre vonatkoz\u00f3 adatok - Dr. Horv\u00e1th Tibor Szoci\u00e1lis K\u00f6zpont\",\"isPartOf\":{\"@id\":\"https:\/\/bukszocialis.hu\/#website\"},\"datePublished\":\"2022-05-23T11:59:31+00:00\",\"dateModified\":\"2026-01-08T08:47:06+00:00\",\"breadcrumb\":{\"@id\":\"https:\/\/bukszocialis.hu\/?page_id=232#breadcrumb\"},\"inLanguage\":\"hu\",\"potentialAction\":[{\"@type\":\"ReadAction\",\"target\":[\"https:\/\/bukszocialis.hu\/?page_id=232\"]}]},{\"@type\":\"BreadcrumbList\",\"@id\":\"https:\/\/bukszocialis.hu\/?page_id=232#breadcrumb\",\"itemListElement\":[{\"@type\":\"ListItem\",\"position\":1,\"name\":\"Kezd\u0151lap\",\"item\":\"https:\/\/bukszocialis.hu\/\"},{\"@type\":\"ListItem\",\"position\":2,\"name\":\"II. Tev\u00e9kenys\u00e9gre, m\u0171k\u00f6d\u00e9sre vonatkoz\u00f3 adatok\"}]},{\"@type\":\"WebSite\",\"@id\":\"https:\/\/bukszocialis.hu\/#website\",\"url\":\"https:\/\/bukszocialis.hu\/\",\"name\":\"Dr. Horv\u00e1th Tibor Szoci\u00e1lis K\u00f6zpont\",\"description\":\"\",\"publisher\":{\"@id\":\"https:\/\/bukszocialis.hu\/#organization\"},\"potentialAction\":[{\"@type\":\"SearchAction\",\"target\":{\"@type\":\"EntryPoint\",\"urlTemplate\":\"https:\/\/bukszocialis.hu\/?s={search_term_string}\"},\"query-input\":\"required name=search_term_string\"}],\"inLanguage\":\"hu\"},{\"@type\":\"Organization\",\"@id\":\"https:\/\/bukszocialis.hu\/#organization\",\"name\":\"Dr. Horv\u00e1th Tibor Szoci\u00e1lis K\u00f6zpont\",\"url\":\"https:\/\/bukszocialis.hu\/\",\"sameAs\":[],\"logo\":{\"@type\":\"ImageObject\",\"inLanguage\":\"hu\",\"@id\":\"https:\/\/bukszocialis.hu\/#\/schema\/logo\/image\/\",\"url\":\"https:\/\/bukszocialis.hu\/wp-content\/uploads\/2022\/06\/cropped-Horvath-Tibor-Szoc_kozp-Color01-kek-03_uj.png\",\"contentUrl\":\"https:\/\/bukszocialis.hu\/wp-content\/uploads\/2022\/06\/cropped-Horvath-Tibor-Szoc_kozp-Color01-kek-03_uj.png\",\"width\":1164,\"height\":436,\"caption\":\"Dr. Horv\u00e1th Tibor Szoci\u00e1lis K\u00f6zpont\"},\"image\":{\"@id\":\"https:\/\/bukszocialis.hu\/#\/schema\/logo\/image\/\"}}]}<\/script>\n<!-- \/ Yoast SEO plugin. -->","yoast_head_json":{"title":"II. Tev\u00e9kenys\u00e9gre, m\u0171k\u00f6d\u00e9sre vonatkoz\u00f3 adatok - Dr. Horv\u00e1th Tibor Szoci\u00e1lis K\u00f6zpont","robots":{"index":"index","follow":"follow","max-snippet":"max-snippet:-1","max-image-preview":"max-image-preview:large","max-video-preview":"max-video-preview:-1"},"canonical":"https:\/\/bukszocialis.hu\/?page_id=232","og_locale":"hu_HU","og_type":"article","og_title":"II. Tev\u00e9kenys\u00e9gre, m\u0171k\u00f6d\u00e9sre vonatkoz\u00f3 adatok - Dr. Horv\u00e1th Tibor Szoci\u00e1lis K\u00f6zpont","og_description":"1. A szerv alaptev\u00e9kenys\u00e9ge, feladat- \u00e9s hat\u00e1sk\u00f6re Alap\u00edt\u00f3 okirat Az alap\u00edt\u00f3 okirat&nbsp;IDE&nbsp;kattintva t\u00f6lthet\u0151 le. Szervezeti \u00e9s m\u0171k\u00f6d\u00e9si szab\u00e1lyzat A Szervezeti \u00e9s M\u0171k\u00f6d\u00e9si Szab\u00e1lyzat IDE&nbsp;kattintva t\u00f6lthet\u0151 le. Szakmai program A szakmai...","og_url":"https:\/\/bukszocialis.hu\/?page_id=232","og_site_name":"Dr. Horv\u00e1th Tibor Szoci\u00e1lis K\u00f6zpont","article_modified_time":"2026-01-08T08:47:06+00:00","twitter_card":"summary_large_image","twitter_misc":{"Becs\u00fclt olvas\u00e1si id\u0151":"3 perc"},"schema":{"@context":"https:\/\/schema.org","@graph":[{"@type":"WebPage","@id":"https:\/\/bukszocialis.hu\/?page_id=232","url":"https:\/\/bukszocialis.hu\/?page_id=232","name":"II. Tev\u00e9kenys\u00e9gre, m\u0171k\u00f6d\u00e9sre vonatkoz\u00f3 adatok - Dr. Horv\u00e1th Tibor Szoci\u00e1lis K\u00f6zpont","isPartOf":{"@id":"https:\/\/bukszocialis.hu\/#website"},"datePublished":"2022-05-23T11:59:31+00:00","dateModified":"2026-01-08T08:47:06+00:00","breadcrumb":{"@id":"https:\/\/bukszocialis.hu\/?page_id=232#breadcrumb"},"inLanguage":"hu","potentialAction":[{"@type":"ReadAction","target":["https:\/\/bukszocialis.hu\/?page_id=232"]}]},{"@type":"BreadcrumbList","@id":"https:\/\/bukszocialis.hu\/?page_id=232#breadcrumb","itemListElement":[{"@type":"ListItem","position":1,"name":"Kezd\u0151lap","item":"https:\/\/bukszocialis.hu\/"},{"@type":"ListItem","position":2,"name":"II. Tev\u00e9kenys\u00e9gre, m\u0171k\u00f6d\u00e9sre vonatkoz\u00f3 adatok"}]},{"@type":"WebSite","@id":"https:\/\/bukszocialis.hu\/#website","url":"https:\/\/bukszocialis.hu\/","name":"Dr. Horv\u00e1th Tibor Szoci\u00e1lis K\u00f6zpont","description":"","publisher":{"@id":"https:\/\/bukszocialis.hu\/#organization"},"potentialAction":[{"@type":"SearchAction","target":{"@type":"EntryPoint","urlTemplate":"https:\/\/bukszocialis.hu\/?s={search_term_string}"},"query-input":"required name=search_term_string"}],"inLanguage":"hu"},{"@type":"Organization","@id":"https:\/\/bukszocialis.hu\/#organization","name":"Dr. Horv\u00e1th Tibor Szoci\u00e1lis K\u00f6zpont","url":"https:\/\/bukszocialis.hu\/","sameAs":[],"logo":{"@type":"ImageObject","inLanguage":"hu","@id":"https:\/\/bukszocialis.hu\/#\/schema\/logo\/image\/","url":"https:\/\/bukszocialis.hu\/wp-content\/uploads\/2022\/06\/cropped-Horvath-Tibor-Szoc_kozp-Color01-kek-03_uj.png","contentUrl":"https:\/\/bukszocialis.hu\/wp-content\/uploads\/2022\/06\/cropped-Horvath-Tibor-Szoc_kozp-Color01-kek-03_uj.png","width":1164,"height":436,"caption":"Dr. Horv\u00e1th Tibor Szoci\u00e1lis K\u00f6zpont"},"image":{"@id":"https:\/\/bukszocialis.hu\/#\/schema\/logo\/image\/"}}]}},"_links":{"self":[{"href":"https:\/\/bukszocialis.hu\/index.php?rest_route=\/wp\/v2\/pages\/232","targetHints":{"allow":["GET"]}}],"collection":[{"href":"https:\/\/bukszocialis.hu\/index.php?rest_route=\/wp\/v2\/pages"}],"about":[{"href":"https:\/\/bukszocialis.hu\/index.php?rest_route=\/wp\/v2\/types\/page"}],"author":[{"embeddable":true,"href":"https:\/\/bukszocialis.hu\/index.php?rest_route=\/wp\/v2\/users\/1"}],"replies":[{"embeddable":true,"href":"https:\/\/bukszocialis.hu\/index.php?rest_route=%2Fwp%2Fv2%2Fcomments&post=232"}],"version-history":[{"count":25,"href":"https:\/\/bukszocialis.hu\/index.php?rest_route=\/wp\/v2\/pages\/232\/revisions"}],"predecessor-version":[{"id":1189,"href":"https:\/\/bukszocialis.hu\/index.php?rest_route=\/wp\/v2\/pages\/232\/revisions\/1189"}],"wp:attachment":[{"href":"https:\/\/bukszocialis.hu\/index.php?rest_route=%2Fwp%2Fv2%2Fmedia&parent=232"}],"curies":[{"name":"wp","href":"https:\/\/api.w.org\/{rel}","templated":true}]}}