{"id":12,"date":"2022-03-08T10:43:07","date_gmt":"2022-03-08T10:43:07","guid":{"rendered":"https:\/\/bukszoc.hsro.hu\/?page_id=12"},"modified":"2023-07-07T07:55:16","modified_gmt":"2023-07-07T06:55:16","slug":"galeria","status":"publish","type":"page","link":"https:\/\/bukszocialis.hu\/?page_id=12","title":{"rendered":"Gal\u00e9ria"},"content":{"rendered":"\n\t<div class=\"ngg-albumoverview default-view\">\n\t\t\t\t\t<div class=\"ngg-album\">\n\t\t\t\t<div class=\"ngg-albumcontent\">\n\t\t\t\t\t\t\t\t\t\t\t<div class=\"ngg-thumbnail\">\n\t\t\t\t\t\t\t<a class='gallery_link' href='https:\/\/bukszocialis.hu\/index.php\/nggallery\/kepek\/karacsony-2022?page_id=12'>\n\t\t\t\t\t\t\t\t<img class=\"Thumb\"\n\t\t\t\t\t\t\t\t\talt=\"Kar\u00e1csony 2022\"\n\t\t\t\t\t\t\t\t\tsrc=\"https:\/\/bukszocialis.hu\/wp-content\/gallery\/karacsony-2022\/cache\/316761745_1135843043784627_9204511137278108507_n.jpg-nggid03102-ngg0dyn-300x200x100-00f0w010c011r110f110r010t010.jpg\"\/>\n\t\t\t\t\t\t\t<\/a>\n\t\t\t\t\t\t<\/div>\n\t\t\t\t\t\t\t\t\t\t<div class=\"ngg-albumtitle\">\n\t\t\t\t\t\t<a class='gallery_link' href='https:\/\/bukszocialis.hu\/index.php\/nggallery\/kepek\/karacsony-2022?page_id=12'>Kar\u00e1csony 2022<\/a>\n\t\t\t\t\t<\/div>\n\t\t\t\t\t<div class=\"ngg-description\">\n\t\t\t\t\t\t<p><\/p>\n\t\t\t\t\t\t\t\t\t\t\t\t\t<p class=\"ngg-album-gallery-image-counter\">\n\t\t\t\t\t\t\t\t<strong>33<\/strong>&nbsp;F\u00e9nyk\u00e9p<\/p>\n\t\t\t\t\t\t\t\t\t\t\t<\/div>\n\t\t\t\t<\/div>\n\t\t\t<\/div>\n\t\t\t\t\t<div class=\"ngg-album\">\n\t\t\t\t<div class=\"ngg-albumcontent\">\n\t\t\t\t\t\t\t\t\t\t\t<div class=\"ngg-thumbnail\">\n\t\t\t\t\t\t\t<a class='gallery_link' href='https:\/\/bukszocialis.hu\/index.php\/nggallery\/kepek\/anyak-napja-2022?page_id=12'>\n\t\t\t\t\t\t\t\t<img class=\"Thumb\"\n\t\t\t\t\t\t\t\t\talt=\"Any\u00e1k napja 2022\"\n\t\t\t\t\t\t\t\t\tsrc=\"https:\/\/bukszocialis.hu\/wp-content\/gallery\/anyak-napja-2022\/cache\/279307386_1213178072758365_1113431484546970559_n.jpg-nggid011-ngg0dyn-300x200x100-00f0w010c011r110f110r010t010.jpg\"\/>\n\t\t\t\t\t\t\t<\/a>\n\t\t\t\t\t\t<\/div>\n\t\t\t\t\t\t\t\t\t\t<div class=\"ngg-albumtitle\">\n\t\t\t\t\t\t<a class='gallery_link' href='https:\/\/bukszocialis.hu\/index.php\/nggallery\/kepek\/anyak-napja-2022?page_id=12'>Any\u00e1k napja 2022<\/a>\n\t\t\t\t\t<\/div>\n\t\t\t\t\t<div class=\"ngg-description\">\n\t\t\t\t\t\t<p><\/p>\n\t\t\t\t\t\t\t\t\t\t\t\t\t<p class=\"ngg-album-gallery-image-counter\">\n\t\t\t\t\t\t\t\t<strong>11<\/strong>&nbsp;F\u00e9nyk\u00e9p<\/p>\n\t\t\t\t\t\t\t\t\t\t\t<\/div>\n\t\t\t\t<\/div>\n\t\t\t<\/div>\n\t\t\t\t\t<div class=\"ngg-album\">\n\t\t\t\t<div class=\"ngg-albumcontent\">\n\t\t\t\t\t\t\t\t\t\t\t<div class=\"ngg-thumbnail\">\n\t\t\t\t\t\t\t<a class='gallery_link' href='https:\/\/bukszocialis.hu\/index.php\/nggallery\/kepek\/farsang-2022?page_id=12'>\n\t\t\t\t\t\t\t\t<img class=\"Thumb\"\n\t\t\t\t\t\t\t\t\talt=\"Farsang 2022\"\n\t\t\t\t\t\t\t\t\tsrc=\"https:\/\/bukszocialis.hu\/wp-content\/gallery\/farsang-2022\/cache\/212.jpg-nggid0222-ngg0dyn-300x200x100-00f0w010c011r110f110r010t010.jpg\"\/>\n\t\t\t\t\t\t\t<\/a>\n\t\t\t\t\t\t<\/div>\n\t\t\t\t\t\t\t\t\t\t<div class=\"ngg-albumtitle\">\n\t\t\t\t\t\t<a class='gallery_link' href='https:\/\/bukszocialis.hu\/index.php\/nggallery\/kepek\/farsang-2022?page_id=12'>Farsang 2022<\/a>\n\t\t\t\t\t<\/div>\n\t\t\t\t\t<div class=\"ngg-description\">\n\t\t\t\t\t\t<p><\/p>\n\t\t\t\t\t\t\t\t\t\t\t\t\t<p class=\"ngg-album-gallery-image-counter\">\n\t\t\t\t\t\t\t\t<strong>8<\/strong>&nbsp;F\u00e9nyk\u00e9p<\/p>\n\t\t\t\t\t\t\t\t\t\t\t<\/div>\n\t\t\t\t<\/div>\n\t\t\t<\/div>\n\t\t\t\t\t<div class=\"ngg-album\">\n\t\t\t\t<div class=\"ngg-albumcontent\">\n\t\t\t\t\t\t\t\t\t\t\t<div class=\"ngg-thumbnail\">\n\t\t\t\t\t\t\t<a class='gallery_link' href='https:\/\/bukszocialis.hu\/index.php\/nggallery\/kepek\/husvet-2022?page_id=12'>\n\t\t\t\t\t\t\t\t<img class=\"Thumb\"\n\t\t\t\t\t\t\t\t\talt=\"H\u00fasv\u00e9t 2022\"\n\t\t\t\t\t\t\t\t\tsrc=\"https:\/\/bukszocialis.hu\/wp-content\/gallery\/husvet-2022\/cache\/277832757_381207490551422_1804996609903192265_n%20%281%29.jpg-nggid0230-ngg0dyn-300x200x100-00f0w010c011r110f110r010t010.jpg\"\/>\n\t\t\t\t\t\t\t<\/a>\n\t\t\t\t\t\t<\/div>\n\t\t\t\t\t\t\t\t\t\t<div class=\"ngg-albumtitle\">\n\t\t\t\t\t\t<a class='gallery_link' href='https:\/\/bukszocialis.hu\/index.php\/nggallery\/kepek\/husvet-2022?page_id=12'>H\u00fasv\u00e9t 2022<\/a>\n\t\t\t\t\t<\/div>\n\t\t\t\t\t<div class=\"ngg-description\">\n\t\t\t\t\t\t<p><\/p>\n\t\t\t\t\t\t\t\t\t\t\t\t\t<p class=\"ngg-album-gallery-image-counter\">\n\t\t\t\t\t\t\t\t<strong>25<\/strong>&nbsp;F\u00e9nyk\u00e9p<\/p>\n\t\t\t\t\t\t\t\t\t\t\t<\/div>\n\t\t\t\t<\/div>\n\t\t\t<\/div>\n\t\t\t\t\t<div class=\"ngg-album\">\n\t\t\t\t<div class=\"ngg-albumcontent\">\n\t\t\t\t\t\t\t\t\t\t\t<div class=\"ngg-thumbnail\">\n\t\t\t\t\t\t\t<a class='gallery_link' href='https:\/\/bukszocialis.hu\/index.php\/nggallery\/kepek\/nonap-2022?page_id=12'>\n\t\t\t\t\t\t\t\t<img class=\"Thumb\"\n\t\t\t\t\t\t\t\t\talt=\"N\u0151nap 2022\"\n\t\t\t\t\t\t\t\t\tsrc=\"https:\/\/bukszocialis.hu\/wp-content\/gallery\/nonap-2022\/cache\/274860184_941175913205509_2921901682161763455_n.jpg-nggid0255-ngg0dyn-300x200x100-00f0w010c011r110f110r010t010.jpg\"\/>\n\t\t\t\t\t\t\t<\/a>\n\t\t\t\t\t\t<\/div>\n\t\t\t\t\t\t\t\t\t\t<div class=\"ngg-albumtitle\">\n\t\t\t\t\t\t<a class='gallery_link' href='https:\/\/bukszocialis.hu\/index.php\/nggallery\/kepek\/nonap-2022?page_id=12'>N\u0151nap 2022<\/a>\n\t\t\t\t\t<\/div>\n\t\t\t\t\t<div class=\"ngg-description\">\n\t\t\t\t\t\t<p><\/p>\n\t\t\t\t\t\t\t\t\t\t\t\t\t<p class=\"ngg-album-gallery-image-counter\">\n\t\t\t\t\t\t\t\t<strong>29<\/strong>&nbsp;F\u00e9nyk\u00e9p<\/p>\n\t\t\t\t\t\t\t\t\t\t\t<\/div>\n\t\t\t\t<\/div>\n\t\t\t<\/div>\n\t\t\t\t\t<div class=\"ngg-album\">\n\t\t\t\t<div class=\"ngg-albumcontent\">\n\t\t\t\t\t\t\t\t\t\t\t<div class=\"ngg-thumbnail\">\n\t\t\t\t\t\t\t<a class='gallery_link' href='https:\/\/bukszocialis.hu\/index.php\/nggallery\/kepek\/punkosd-2022?page_id=12'>\n\t\t\t\t\t\t\t\t<img class=\"Thumb\"\n\t\t\t\t\t\t\t\t\talt=\"P\u00fcnk\u00f6sd 2022\"\n\t\t\t\t\t\t\t\t\tsrc=\"https:\/\/bukszocialis.hu\/wp-content\/gallery\/punkosd-2022\/cache\/285543617_1015279209349879_7956135472764293947_n.jpg-nggid0284-ngg0dyn-300x200x100-00f0w010c011r110f110r010t010.jpg\"\/>\n\t\t\t\t\t\t\t<\/a>\n\t\t\t\t\t\t<\/div>\n\t\t\t\t\t\t\t\t\t\t<div class=\"ngg-albumtitle\">\n\t\t\t\t\t\t<a class='gallery_link' href='https:\/\/bukszocialis.hu\/index.php\/nggallery\/kepek\/punkosd-2022?page_id=12'>P\u00fcnk\u00f6sd 2022<\/a>\n\t\t\t\t\t<\/div>\n\t\t\t\t\t<div class=\"ngg-description\">\n\t\t\t\t\t\t<p><\/p>\n\t\t\t\t\t\t\t\t\t\t\t\t\t<p class=\"ngg-album-gallery-image-counter\">\n\t\t\t\t\t\t\t\t<strong>13<\/strong>&nbsp;F\u00e9nyk\u00e9p<\/p>\n\t\t\t\t\t\t\t\t\t\t\t<\/div>\n\t\t\t\t<\/div>\n\t\t\t<\/div>\n\t\t\t\t\t<div class=\"ngg-album\">\n\t\t\t\t<div class=\"ngg-albumcontent\">\n\t\t\t\t\t\t\t\t\t\t\t<div class=\"ngg-thumbnail\">\n\t\t\t\t\t\t\t<a class='gallery_link' href='https:\/\/bukszocialis.hu\/index.php\/nggallery\/2023\/januari-pillanatkepek-2023?page_id=12'>\n\t\t\t\t\t\t\t\t<img class=\"Thumb\"\n\t\t\t\t\t\t\t\t\talt=\"Janu\u00e1ri pillanatk\u00e9pek 2023\"\n\t\t\t\t\t\t\t\t\tsrc=\"https:\/\/bukszocialis.hu\/wp-content\/gallery\/januari-pillanatkepek-2023\/cache\/324224555_957032651925757_92356067434850010_n.jpg-nggid0297-ngg0dyn-300x200x100-00f0w010c011r110f110r010t010.jpg\"\/>\n\t\t\t\t\t\t\t<\/a>\n\t\t\t\t\t\t<\/div>\n\t\t\t\t\t\t\t\t\t\t<div class=\"ngg-albumtitle\">\n\t\t\t\t\t\t<a class='gallery_link' href='https:\/\/bukszocialis.hu\/index.php\/nggallery\/2023\/januari-pillanatkepek-2023?page_id=12'>Janu\u00e1ri pillanatk\u00e9pek 2023<\/a>\n\t\t\t\t\t<\/div>\n\t\t\t\t\t<div class=\"ngg-description\">\n\t\t\t\t\t\t<p><\/p>\n\t\t\t\t\t\t\t\t\t\t\t\t\t<p class=\"ngg-album-gallery-image-counter\">\n\t\t\t\t\t\t\t\t<strong>5<\/strong>&nbsp;F\u00e9nyk\u00e9p<\/p>\n\t\t\t\t\t\t\t\t\t\t\t<\/div>\n\t\t\t\t<\/div>\n\t\t\t<\/div>\n\t\t\t\t\t<div class=\"ngg-album\">\n\t\t\t\t<div class=\"ngg-albumcontent\">\n\t\t\t\t\t\t\t\t\t\t\t<div class=\"ngg-thumbnail\">\n\t\t\t\t\t\t\t<a class='gallery_link' href='https:\/\/bukszocialis.hu\/index.php\/nggallery\/2023\/nonap-2023?page_id=12'>\n\t\t\t\t\t\t\t\t<img class=\"Thumb\"\n\t\t\t\t\t\t\t\t\talt=\"N\u0151nap 2023\"\n\t\t\t\t\t\t\t\t\tsrc=\"https:\/\/bukszocialis.hu\/wp-content\/gallery\/nonap-2023\/cache\/333299973_224472493411069_7248896440362570463_n-1.jpg-nggid03212-ngg0dyn-300x200x100-00f0w010c011r110f110r010t010.jpg\"\/>\n\t\t\t\t\t\t\t<\/a>\n\t\t\t\t\t\t<\/div>\n\t\t\t\t\t\t\t\t\t\t<div class=\"ngg-albumtitle\">\n\t\t\t\t\t\t<a class='gallery_link' href='https:\/\/bukszocialis.hu\/index.php\/nggallery\/2023\/nonap-2023?page_id=12'>N\u0151nap 2023<\/a>\n\t\t\t\t\t<\/div>\n\t\t\t\t\t<div class=\"ngg-description\">\n\t\t\t\t\t\t<p><\/p>\n\t\t\t\t\t\t\t\t\t\t\t\t\t<p class=\"ngg-album-gallery-image-counter\">\n\t\t\t\t\t\t\t\t<strong>25<\/strong>&nbsp;F\u00e9nyk\u00e9p<\/p>\n\t\t\t\t\t\t\t\t\t\t\t<\/div>\n\t\t\t\t<\/div>\n\t\t\t<\/div>\n\t\t\t\t\t<div class=\"ngg-album\">\n\t\t\t\t<div class=\"ngg-albumcontent\">\n\t\t\t\t\t\t\t\t\t\t\t<div class=\"ngg-thumbnail\">\n\t\t\t\t\t\t\t<a class='gallery_link' href='https:\/\/bukszocialis.hu\/index.php\/nggallery\/2023\/kezmuves-foglalkozasok-2023?page_id=12'>\n\t\t\t\t\t\t\t\t<img class=\"Thumb\"\n\t\t\t\t\t\t\t\t\talt=\"K\u00e9zm\u0171ves foglalkoz\u00e1sok 2023\"\n\t\t\t\t\t\t\t\t\tsrc=\"https:\/\/bukszocialis.hu\/wp-content\/gallery\/kezmuves-foglalkozasok\/cache\/339099716_129053256754736_6086640047812292829_n.jpg-nggid03237-ngg0dyn-300x200x100-00f0w010c011r110f110r010t010.jpg\"\/>\n\t\t\t\t\t\t\t<\/a>\n\t\t\t\t\t\t<\/div>\n\t\t\t\t\t\t\t\t\t\t<div class=\"ngg-albumtitle\">\n\t\t\t\t\t\t<a class='gallery_link' href='https:\/\/bukszocialis.hu\/index.php\/nggallery\/2023\/kezmuves-foglalkozasok-2023?page_id=12'>K\u00e9zm\u0171ves foglalkoz\u00e1sok 2023<\/a>\n\t\t\t\t\t<\/div>\n\t\t\t\t\t<div class=\"ngg-description\">\n\t\t\t\t\t\t<p><\/p>\n\t\t\t\t\t\t\t\t\t\t\t\t\t<p class=\"ngg-album-gallery-image-counter\">\n\t\t\t\t\t\t\t\t<strong>9<\/strong>&nbsp;F\u00e9nyk\u00e9p<\/p>\n\t\t\t\t\t\t\t\t\t\t\t<\/div>\n\t\t\t\t<\/div>\n\t\t\t<\/div>\n\t\t\t\t\t<div class=\"ngg-album\">\n\t\t\t\t<div class=\"ngg-albumcontent\">\n\t\t\t\t\t\t\t\t\t\t\t<div class=\"ngg-thumbnail\">\n\t\t\t\t\t\t\t<a class='gallery_link' href='https:\/\/bukszocialis.hu\/index.php\/nggallery\/2023\/husvet-2023?page_id=12'>\n\t\t\t\t\t\t\t\t<img class=\"Thumb\"\n\t\t\t\t\t\t\t\t\talt=\"H\u00fasv\u00e9t 2023\"\n\t\t\t\t\t\t\t\t\tsrc=\"https:\/\/bukszocialis.hu\/wp-content\/gallery\/husvet-2023\/cache\/337064778_1361229504450758_6108164541751037845_n.jpg-nggid03177-ngg0dyn-300x200x100-00f0w010c011r110f110r010t010.jpg\"\/>\n\t\t\t\t\t\t\t<\/a>\n\t\t\t\t\t\t<\/div>\n\t\t\t\t\t\t\t\t\t\t<div class=\"ngg-albumtitle\">\n\t\t\t\t\t\t<a class='gallery_link' href='https:\/\/bukszocialis.hu\/index.php\/nggallery\/2023\/husvet-2023?page_id=12'>H\u00fasv\u00e9t 2023<\/a>\n\t\t\t\t\t<\/div>\n\t\t\t\t\t<div class=\"ngg-description\">\n\t\t\t\t\t\t<p><\/p>\n\t\t\t\t\t\t\t\t\t\t\t\t\t<p class=\"ngg-album-gallery-image-counter\">\n\t\t\t\t\t\t\t\t<strong>34<\/strong>&nbsp;F\u00e9nyk\u00e9p<\/p>\n\t\t\t\t\t\t\t\t\t\t\t<\/div>\n\t\t\t\t<\/div>\n\t\t\t<\/div>\n\t\t\t\t\t<div class=\"ngg-album\">\n\t\t\t\t<div class=\"ngg-albumcontent\">\n\t\t\t\t\t\t\t\t\t\t\t<div class=\"ngg-thumbnail\">\n\t\t\t\t\t\t\t<a class='gallery_link' href='https:\/\/bukszocialis.hu\/index.php\/nggallery\/2023\/februari-seta-es-jatekos-torna-2023?page_id=12'>\n\t\t\t\t\t\t\t\t<img class=\"Thumb\"\n\t\t\t\t\t\t\t\t\talt=\"Febru\u00e1ri s\u00e9ta \u00e9s j\u00e1t\u00e9kos torna 2023\"\n\t\t\t\t\t\t\t\t\tsrc=\"https:\/\/bukszocialis.hu\/wp-content\/gallery\/februari-seta-es-jatekos-torna\/cache\/333296738_703071614897649_5544771983698604749_n.jpg-nggid03140-ngg0dyn-300x200x100-00f0w010c011r110f110r010t010.jpg\"\/>\n\t\t\t\t\t\t\t<\/a>\n\t\t\t\t\t\t<\/div>\n\t\t\t\t\t\t\t\t\t\t<div class=\"ngg-albumtitle\">\n\t\t\t\t\t\t<a class='gallery_link' href='https:\/\/bukszocialis.hu\/index.php\/nggallery\/2023\/februari-seta-es-jatekos-torna-2023?page_id=12'>Febru\u00e1ri s\u00e9ta \u00e9s j\u00e1t\u00e9kos torna 2023<\/a>\n\t\t\t\t\t<\/div>\n\t\t\t\t\t<div class=\"ngg-description\">\n\t\t\t\t\t\t<p><\/p>\n\t\t\t\t\t\t\t\t\t\t\t\t\t<p class=\"ngg-album-gallery-image-counter\">\n\t\t\t\t\t\t\t\t<strong>17<\/strong>&nbsp;F\u00e9nyk\u00e9p<\/p>\n\t\t\t\t\t\t\t\t\t\t\t<\/div>\n\t\t\t\t<\/div>\n\t\t\t<\/div>\n\t\t\t\t\t<div class=\"ngg-album\">\n\t\t\t\t<div class=\"ngg-albumcontent\">\n\t\t\t\t\t\t\t\t\t\t\t<div class=\"ngg-thumbnail\">\n\t\t\t\t\t\t\t<a class='gallery_link' href='https:\/\/bukszocialis.hu\/index.php\/nggallery\/2023\/anyak-napja-2023?page_id=12'>\n\t\t\t\t\t\t\t\t<img class=\"Thumb\"\n\t\t\t\t\t\t\t\t\talt=\"Any\u00e1k napja 2023\"\n\t\t\t\t\t\t\t\t\tsrc=\"https:\/\/bukszocialis.hu\/wp-content\/gallery\/anyak-napja-2023\/cache\/345705958_771249871053352_7877044333552504822_n.jpg-nggid03157-ngg0dyn-300x200x100-00f0w010c011r110f110r010t010.jpg\"\/>\n\t\t\t\t\t\t\t<\/a>\n\t\t\t\t\t\t<\/div>\n\t\t\t\t\t\t\t\t\t\t<div class=\"ngg-albumtitle\">\n\t\t\t\t\t\t<a class='gallery_link' href='https:\/\/bukszocialis.hu\/index.php\/nggallery\/2023\/anyak-napja-2023?page_id=12'>Any\u00e1k napja 2023<\/a>\n\t\t\t\t\t<\/div>\n\t\t\t\t\t<div class=\"ngg-description\">\n\t\t\t\t\t\t<p><\/p>\n\t\t\t\t\t\t\t\t\t\t\t\t\t<p class=\"ngg-album-gallery-image-counter\">\n\t\t\t\t\t\t\t\t<strong>21<\/strong>&nbsp;F\u00e9nyk\u00e9p<\/p>\n\t\t\t\t\t\t\t\t\t\t\t<\/div>\n\t\t\t\t<\/div>\n\t\t\t<\/div>\n\t\t\t\t\t<div class=\"ngg-album\">\n\t\t\t\t<div class=\"ngg-albumcontent\">\n\t\t\t\t\t\t\t\t\t\t\t<div class=\"ngg-thumbnail\">\n\t\t\t\t\t\t\t<a class='gallery_link' href='https:\/\/bukszocialis.hu\/index.php\/nggallery\/2023\/utazas-a-dotton-2023?page_id=12'>\n\t\t\t\t\t\t\t\t<img class=\"Thumb\"\n\t\t\t\t\t\t\t\t\talt=\"Utaz\u00e1s a dott\u00f3n 2023\"\n\t\t\t\t\t\t\t\t\tsrc=\"https:\/\/bukszocialis.hu\/wp-content\/gallery\/utazas-a-dotton-2023\/cache\/375761747_215974764548930_4085723054093500691_n.jpg-nggid03245-ngg0dyn-300x200x100-00f0w010c011r110f110r010t010.jpg\"\/>\n\t\t\t\t\t\t\t<\/a>\n\t\t\t\t\t\t<\/div>\n\t\t\t\t\t\t\t\t\t\t<div class=\"ngg-albumtitle\">\n\t\t\t\t\t\t<a class='gallery_link' href='https:\/\/bukszocialis.hu\/index.php\/nggallery\/2023\/utazas-a-dotton-2023?page_id=12'>Utaz\u00e1s a dott\u00f3n 2023<\/a>\n\t\t\t\t\t<\/div>\n\t\t\t\t\t<div class=\"ngg-description\">\n\t\t\t\t\t\t<p><\/p>\n\t\t\t\t\t\t\t\t\t\t\t\t\t<p class=\"ngg-album-gallery-image-counter\">\n\t\t\t\t\t\t\t\t<strong>21<\/strong>&nbsp;F\u00e9nyk\u00e9p<\/p>\n\t\t\t\t\t\t\t\t\t\t\t<\/div>\n\t\t\t\t<\/div>\n\t\t\t<\/div>\n\t\t\t\t\t<div class=\"ngg-album\">\n\t\t\t\t<div class=\"ngg-albumcontent\">\n\t\t\t\t\t\t\t\t\t\t\t<div class=\"ngg-thumbnail\">\n\t\t\t\t\t\t\t<a class='gallery_link' href='https:\/\/bukszocialis.hu\/index.php\/nggallery\/2023\/juliusi-seta?page_id=12'>\n\t\t\t\t\t\t\t\t<img class=\"Thumb\"\n\t\t\t\t\t\t\t\t\talt=\"J\u00faliusi s\u00e9ta\"\n\t\t\t\t\t\t\t\t\tsrc=\"https:\/\/bukszocialis.hu\/wp-content\/gallery\/juliusi-seta\/cache\/344301653_1737328196686392_6539546970120405228_n.jpg-nggid03305-ngg0dyn-300x200x100-00f0w010c011r110f110r010t010.jpg\"\/>\n\t\t\t\t\t\t\t<\/a>\n\t\t\t\t\t\t<\/div>\n\t\t\t\t\t\t\t\t\t\t<div class=\"ngg-albumtitle\">\n\t\t\t\t\t\t<a class='gallery_link' href='https:\/\/bukszocialis.hu\/index.php\/nggallery\/2023\/juliusi-seta?page_id=12'>J\u00faliusi s\u00e9ta<\/a>\n\t\t\t\t\t<\/div>\n\t\t\t\t\t<div class=\"ngg-description\">\n\t\t\t\t\t\t<p><\/p>\n\t\t\t\t\t\t\t\t\t\t\t\t\t<p class=\"ngg-album-gallery-image-counter\">\n\t\t\t\t\t\t\t\t<strong>11<\/strong>&nbsp;F\u00e9nyk\u00e9p<\/p>\n\t\t\t\t\t\t\t\t\t\t\t<\/div>\n\t\t\t\t<\/div>\n\t\t\t<\/div>\n\t\t\t\t\t<div class=\"ngg-album\">\n\t\t\t\t<div class=\"ngg-albumcontent\">\n\t\t\t\t\t\t\t\t\t\t\t<div class=\"ngg-thumbnail\">\n\t\t\t\t\t\t\t<a class='gallery_link' href='https:\/\/bukszocialis.hu\/index.php\/nggallery\/2023\/katolikus-tabor-2023?page_id=12'>\n\t\t\t\t\t\t\t\t<img class=\"Thumb\"\n\t\t\t\t\t\t\t\t\talt=\"Katolikus t\u00e1bor 2023\"\n\t\t\t\t\t\t\t\t\tsrc=\"https:\/\/bukszocialis.hu\/wp-content\/gallery\/katolikus-tabor-2023\/cache\/369521150_1474410409798209_580051135581971394_n-1.jpg-nggid03300-ngg0dyn-300x200x100-00f0w010c011r110f110r010t010.jpg\"\/>\n\t\t\t\t\t\t\t<\/a>\n\t\t\t\t\t\t<\/div>\n\t\t\t\t\t\t\t\t\t\t<div class=\"ngg-albumtitle\">\n\t\t\t\t\t\t<a class='gallery_link' href='https:\/\/bukszocialis.hu\/index.php\/nggallery\/2023\/katolikus-tabor-2023?page_id=12'>Katolikus t\u00e1bor 2023<\/a>\n\t\t\t\t\t<\/div>\n\t\t\t\t\t<div class=\"ngg-description\">\n\t\t\t\t\t\t<p><\/p>\n\t\t\t\t\t\t\t\t\t\t\t\t\t<p class=\"ngg-album-gallery-image-counter\">\n\t\t\t\t\t\t\t\t<strong>6<\/strong>&nbsp;F\u00e9nyk\u00e9p<\/p>\n\t\t\t\t\t\t\t\t\t\t\t<\/div>\n\t\t\t\t<\/div>\n\t\t\t<\/div>\n\t\t\t\t\t<div class=\"ngg-album\">\n\t\t\t\t<div class=\"ngg-albumcontent\">\n\t\t\t\t\t\t\t\t\t\t\t<div class=\"ngg-thumbnail\">\n\t\t\t\t\t\t\t<a class='gallery_link' href='https:\/\/bukszocialis.hu\/index.php\/nggallery\/2023\/idosek-napja-2023?page_id=12'>\n\t\t\t\t\t\t\t\t<img class=\"Thumb\"\n\t\t\t\t\t\t\t\t\talt=\"Id\u0151sek napja 2023\"\n\t\t\t\t\t\t\t\t\tsrc=\"https:\/\/bukszocialis.hu\/wp-content\/gallery\/idosek-napja-2023\/cache\/370059492_1014833923085536_632917390470416440_n.jpg-nggid03264-ngg0dyn-300x200x100-00f0w010c011r110f110r010t010.jpg\"\/>\n\t\t\t\t\t\t\t<\/a>\n\t\t\t\t\t\t<\/div>\n\t\t\t\t\t\t\t\t\t\t<div class=\"ngg-albumtitle\">\n\t\t\t\t\t\t<a class='gallery_link' href='https:\/\/bukszocialis.hu\/index.php\/nggallery\/2023\/idosek-napja-2023?page_id=12'>Id\u0151sek napja 2023<\/a>\n\t\t\t\t\t<\/div>\n\t\t\t\t\t<div class=\"ngg-description\">\n\t\t\t\t\t\t<p><\/p>\n\t\t\t\t\t\t\t\t\t\t\t\t\t<p class=\"ngg-album-gallery-image-counter\">\n\t\t\t\t\t\t\t\t<strong>34<\/strong>&nbsp;F\u00e9nyk\u00e9p<\/p>\n\t\t\t\t\t\t\t\t\t\t\t<\/div>\n\t\t\t\t<\/div>\n\t\t\t<\/div>\n\t\t\t\t\t<div class=\"ngg-album\">\n\t\t\t\t<div class=\"ngg-albumcontent\">\n\t\t\t\t\t\t\t\t\t\t\t<div class=\"ngg-thumbnail\">\n\t\t\t\t\t\t\t<a class='gallery_link' href='https:\/\/bukszocialis.hu\/index.php\/nggallery\/2023\/telapo-2023?page_id=12'>\n\t\t\t\t\t\t\t\t<img class=\"Thumb\"\n\t\t\t\t\t\t\t\t\talt=\"T\u00e9lap\u00f3 2023\"\n\t\t\t\t\t\t\t\t\tsrc=\"https:\/\/bukszocialis.hu\/wp-content\/gallery\/telapo-2023\/cache\/371541333_658978829762068_2756084677099935289_n.jpg-nggid03316-ngg0dyn-300x200x100-00f0w010c011r110f110r010t010.jpg\"\/>\n\t\t\t\t\t\t\t<\/a>\n\t\t\t\t\t\t<\/div>\n\t\t\t\t\t\t\t\t\t\t<div class=\"ngg-albumtitle\">\n\t\t\t\t\t\t<a class='gallery_link' href='https:\/\/bukszocialis.hu\/index.php\/nggallery\/2023\/telapo-2023?page_id=12'>T\u00e9lap\u00f3 2023<\/a>\n\t\t\t\t\t<\/div>\n\t\t\t\t\t<div class=\"ngg-description\">\n\t\t\t\t\t\t<p><\/p>\n\t\t\t\t\t\t\t\t\t\t\t\t\t<p class=\"ngg-album-gallery-image-counter\">\n\t\t\t\t\t\t\t\t<strong>18<\/strong>&nbsp;F\u00e9nyk\u00e9p<\/p>\n\t\t\t\t\t\t\t\t\t\t\t<\/div>\n\t\t\t\t<\/div>\n\t\t\t<\/div>\n\t\t\t\t<div class='ngg-clear'><\/div>\t<\/div>\n\n","protected":false},"excerpt":{"rendered":"","protected":false},"author":1,"featured_media":0,"parent":0,"menu_order":0,"comment_status":"closed","ping_status":"closed","template":"","meta":{"ngg_post_thumbnail":0,"footnotes":""},"class_list":["post-12","page","type-page","status-publish","hentry"],"yoast_head":"<!-- This site is optimized with the Yoast SEO plugin v19.6.1 - https:\/\/yoast.com\/wordpress\/plugins\/seo\/ -->\n<title>Gal\u00e9ria - Dr. Horv\u00e1th Tibor Szoci\u00e1lis K\u00f6zpont<\/title>\n<meta name=\"robots\" content=\"index, follow, max-snippet:-1, max-image-preview:large, max-video-preview:-1\" \/>\n<link rel=\"canonical\" href=\"https:\/\/bukszocialis.hu\/?page_id=12\" \/>\n<meta property=\"og:locale\" content=\"hu_HU\" \/>\n<meta property=\"og:type\" content=\"article\" \/>\n<meta property=\"og:title\" content=\"Gal\u00e9ria - Dr. Horv\u00e1th Tibor Szoci\u00e1lis K\u00f6zpont\" \/>\n<meta property=\"og:url\" content=\"https:\/\/bukszocialis.hu\/?page_id=12\" \/>\n<meta property=\"og:site_name\" content=\"Dr. Horv\u00e1th Tibor Szoci\u00e1lis K\u00f6zpont\" \/>\n<meta property=\"article:modified_time\" content=\"2023-07-07T06:55:16+00:00\" \/>\n<meta name=\"twitter:card\" content=\"summary_large_image\" \/>\n<script type=\"application\/ld+json\" class=\"yoast-schema-graph\">{\"@context\":\"https:\/\/schema.org\",\"@graph\":[{\"@type\":\"WebPage\",\"@id\":\"https:\/\/bukszocialis.hu\/?page_id=12\",\"url\":\"https:\/\/bukszocialis.hu\/?page_id=12\",\"name\":\"Gal\u00e9ria - Dr. Horv\u00e1th Tibor Szoci\u00e1lis K\u00f6zpont\",\"isPartOf\":{\"@id\":\"https:\/\/bukszocialis.hu\/#website\"},\"datePublished\":\"2022-03-08T10:43:07+00:00\",\"dateModified\":\"2023-07-07T06:55:16+00:00\",\"breadcrumb\":{\"@id\":\"https:\/\/bukszocialis.hu\/?page_id=12#breadcrumb\"},\"inLanguage\":\"hu\",\"potentialAction\":[{\"@type\":\"ReadAction\",\"target\":[\"https:\/\/bukszocialis.hu\/?page_id=12\"]}]},{\"@type\":\"BreadcrumbList\",\"@id\":\"https:\/\/bukszocialis.hu\/?page_id=12#breadcrumb\",\"itemListElement\":[{\"@type\":\"ListItem\",\"position\":1,\"name\":\"Kezd\u0151lap\",\"item\":\"https:\/\/bukszocialis.hu\/\"},{\"@type\":\"ListItem\",\"position\":2,\"name\":\"Gal\u00e9ria\"}]},{\"@type\":\"WebSite\",\"@id\":\"https:\/\/bukszocialis.hu\/#website\",\"url\":\"https:\/\/bukszocialis.hu\/\",\"name\":\"Dr. Horv\u00e1th Tibor Szoci\u00e1lis K\u00f6zpont\",\"description\":\"\",\"publisher\":{\"@id\":\"https:\/\/bukszocialis.hu\/#organization\"},\"potentialAction\":[{\"@type\":\"SearchAction\",\"target\":{\"@type\":\"EntryPoint\",\"urlTemplate\":\"https:\/\/bukszocialis.hu\/?s={search_term_string}\"},\"query-input\":\"required name=search_term_string\"}],\"inLanguage\":\"hu\"},{\"@type\":\"Organization\",\"@id\":\"https:\/\/bukszocialis.hu\/#organization\",\"name\":\"Dr. Horv\u00e1th Tibor Szoci\u00e1lis K\u00f6zpont\",\"url\":\"https:\/\/bukszocialis.hu\/\",\"sameAs\":[],\"logo\":{\"@type\":\"ImageObject\",\"inLanguage\":\"hu\",\"@id\":\"https:\/\/bukszocialis.hu\/#\/schema\/logo\/image\/\",\"url\":\"https:\/\/bukszocialis.hu\/wp-content\/uploads\/2022\/06\/cropped-Horvath-Tibor-Szoc_kozp-Color01-kek-03_uj.png\",\"contentUrl\":\"https:\/\/bukszocialis.hu\/wp-content\/uploads\/2022\/06\/cropped-Horvath-Tibor-Szoc_kozp-Color01-kek-03_uj.png\",\"width\":1164,\"height\":436,\"caption\":\"Dr. Horv\u00e1th Tibor Szoci\u00e1lis K\u00f6zpont\"},\"image\":{\"@id\":\"https:\/\/bukszocialis.hu\/#\/schema\/logo\/image\/\"}}]}<\/script>\n<!-- \/ Yoast SEO plugin. -->","yoast_head_json":{"title":"Gal\u00e9ria - Dr. Horv\u00e1th Tibor Szoci\u00e1lis K\u00f6zpont","robots":{"index":"index","follow":"follow","max-snippet":"max-snippet:-1","max-image-preview":"max-image-preview:large","max-video-preview":"max-video-preview:-1"},"canonical":"https:\/\/bukszocialis.hu\/?page_id=12","og_locale":"hu_HU","og_type":"article","og_title":"Gal\u00e9ria - Dr. Horv\u00e1th Tibor Szoci\u00e1lis K\u00f6zpont","og_url":"https:\/\/bukszocialis.hu\/?page_id=12","og_site_name":"Dr. Horv\u00e1th Tibor Szoci\u00e1lis K\u00f6zpont","article_modified_time":"2023-07-07T06:55:16+00:00","twitter_card":"summary_large_image","schema":{"@context":"https:\/\/schema.org","@graph":[{"@type":"WebPage","@id":"https:\/\/bukszocialis.hu\/?page_id=12","url":"https:\/\/bukszocialis.hu\/?page_id=12","name":"Gal\u00e9ria - Dr. Horv\u00e1th Tibor Szoci\u00e1lis K\u00f6zpont","isPartOf":{"@id":"https:\/\/bukszocialis.hu\/#website"},"datePublished":"2022-03-08T10:43:07+00:00","dateModified":"2023-07-07T06:55:16+00:00","breadcrumb":{"@id":"https:\/\/bukszocialis.hu\/?page_id=12#breadcrumb"},"inLanguage":"hu","potentialAction":[{"@type":"ReadAction","target":["https:\/\/bukszocialis.hu\/?page_id=12"]}]},{"@type":"BreadcrumbList","@id":"https:\/\/bukszocialis.hu\/?page_id=12#breadcrumb","itemListElement":[{"@type":"ListItem","position":1,"name":"Kezd\u0151lap","item":"https:\/\/bukszocialis.hu\/"},{"@type":"ListItem","position":2,"name":"Gal\u00e9ria"}]},{"@type":"WebSite","@id":"https:\/\/bukszocialis.hu\/#website","url":"https:\/\/bukszocialis.hu\/","name":"Dr. Horv\u00e1th Tibor Szoci\u00e1lis K\u00f6zpont","description":"","publisher":{"@id":"https:\/\/bukszocialis.hu\/#organization"},"potentialAction":[{"@type":"SearchAction","target":{"@type":"EntryPoint","urlTemplate":"https:\/\/bukszocialis.hu\/?s={search_term_string}"},"query-input":"required name=search_term_string"}],"inLanguage":"hu"},{"@type":"Organization","@id":"https:\/\/bukszocialis.hu\/#organization","name":"Dr. Horv\u00e1th Tibor Szoci\u00e1lis K\u00f6zpont","url":"https:\/\/bukszocialis.hu\/","sameAs":[],"logo":{"@type":"ImageObject","inLanguage":"hu","@id":"https:\/\/bukszocialis.hu\/#\/schema\/logo\/image\/","url":"https:\/\/bukszocialis.hu\/wp-content\/uploads\/2022\/06\/cropped-Horvath-Tibor-Szoc_kozp-Color01-kek-03_uj.png","contentUrl":"https:\/\/bukszocialis.hu\/wp-content\/uploads\/2022\/06\/cropped-Horvath-Tibor-Szoc_kozp-Color01-kek-03_uj.png","width":1164,"height":436,"caption":"Dr. Horv\u00e1th Tibor Szoci\u00e1lis K\u00f6zpont"},"image":{"@id":"https:\/\/bukszocialis.hu\/#\/schema\/logo\/image\/"}}]}},"_links":{"self":[{"href":"https:\/\/bukszocialis.hu\/index.php?rest_route=\/wp\/v2\/pages\/12","targetHints":{"allow":["GET"]}}],"collection":[{"href":"https:\/\/bukszocialis.hu\/index.php?rest_route=\/wp\/v2\/pages"}],"about":[{"href":"https:\/\/bukszocialis.hu\/index.php?rest_route=\/wp\/v2\/types\/page"}],"author":[{"embeddable":true,"href":"https:\/\/bukszocialis.hu\/index.php?rest_route=\/wp\/v2\/users\/1"}],"replies":[{"embeddable":true,"href":"https:\/\/bukszocialis.hu\/index.php?rest_route=%2Fwp%2Fv2%2Fcomments&post=12"}],"version-history":[{"count":16,"href":"https:\/\/bukszocialis.hu\/index.php?rest_route=\/wp\/v2\/pages\/12\/revisions"}],"predecessor-version":[{"id":904,"href":"https:\/\/bukszocialis.hu\/index.php?rest_route=\/wp\/v2\/pages\/12\/revisions\/904"}],"wp:attachment":[{"href":"https:\/\/bukszocialis.hu\/index.php?rest_route=%2Fwp%2Fv2%2Fmedia&parent=12"}],"curies":[{"name":"wp","href":"https:\/\/api.w.org\/{rel}","templated":true}]}}