{"id":11,"date":"2022-03-08T10:43:07","date_gmt":"2022-03-08T10:43:07","guid":{"rendered":"https:\/\/bukszoc.hsro.hu\/?page_id=11"},"modified":"2022-09-01T10:38:42","modified_gmt":"2022-09-01T09:38:42","slug":"szolgaltatasok","status":"publish","type":"page","link":"https:\/\/bukszocialis.hu\/?page_id=11","title":{"rendered":"Szolg\u00e1ltat\u00e1sok"},"content":{"rendered":"\t\t<div data-elementor-type=\"wp-page\" data-elementor-id=\"11\" class=\"elementor elementor-11\">\n\t\t\t\t\t\t<section class=\"elementor-section elementor-top-section elementor-element elementor-element-7aaf1974 elementor-section-height-min-height elementor-section-content-top elementor-section-boxed elementor-section-height-default elementor-section-items-middle\" data-id=\"7aaf1974\" data-element_type=\"section\">\n\t\t\t\t\t\t<div class=\"elementor-container elementor-column-gap-no\">\n\t\t\t\t\t<div class=\"elementor-column elementor-col-100 elementor-top-column elementor-element elementor-element-63cf6b82\" data-id=\"63cf6b82\" data-element_type=\"column\">\n\t\t\t<div class=\"elementor-widget-wrap elementor-element-populated\">\n\t\t\t\t\t\t<div class=\"elementor-element elementor-element-8a2d70c elementor-widget elementor-widget-text-editor\" data-id=\"8a2d70c\" data-element_type=\"widget\" data-widget_type=\"text-editor.default\">\n\t\t\t\t<div class=\"elementor-widget-container\">\n\t\t\t<style>\/*! elementor - v3.19.0 - 07-02-2024 *\/\n.elementor-widget-text-editor.elementor-drop-cap-view-stacked .elementor-drop-cap{background-color:#69727d;color:#fff}.elementor-widget-text-editor.elementor-drop-cap-view-framed .elementor-drop-cap{color:#69727d;border:3px solid;background-color:transparent}.elementor-widget-text-editor:not(.elementor-drop-cap-view-default) .elementor-drop-cap{margin-top:8px}.elementor-widget-text-editor:not(.elementor-drop-cap-view-default) .elementor-drop-cap-letter{width:1em;height:1em}.elementor-widget-text-editor .elementor-drop-cap{float:left;text-align:center;line-height:1;font-size:50px}.elementor-widget-text-editor .elementor-drop-cap-letter{display:inline-block}<\/style>\t\t\t\t<p><span style=\"color: rgba(0, 0, 0, 0.81);\">Munk\u00e1nkat\u00a0a n\u00e9lk\u00fcl\u00f6z\u0151, szenved\u0151, a t\u00e1rsadalom perif\u00e9ri\u00e1j\u00e1ra szorult emberrel val\u00f3 egy\u00fctt\u00e9rz\u00e9s jellemzi. Az \u00e9letet szolg\u00e1ljuk annak kezdet\u00e9t\u0151l a v\u00e9g\u00e9ig.\u00a0A r\u00e1nk b\u00edzottak kit\u00fcntet\u0151 szolg\u00e1lat\u00e1t emberhez m\u00e9lt\u00f3 m\u00f3don v\u00e9gezz\u00fck.<\/span><\/p>\t\t\t\t\t\t<\/div>\n\t\t\t\t<\/div>\n\t\t\t\t\t<\/div>\n\t\t<\/div>\n\t\t\t\t\t<\/div>\n\t\t<\/section>\n\t\t\t\t<section class=\"elementor-section elementor-top-section elementor-element elementor-element-d720095 elementor-section-full_width elementor-section-height-default elementor-section-height-default\" data-id=\"d720095\" data-element_type=\"section\">\n\t\t\t\t\t\t<div class=\"elementor-container elementor-column-gap-wider\">\n\t\t\t\t\t<div class=\"elementor-column elementor-col-50 elementor-top-column elementor-element elementor-element-c5546f3 elementor-invisible\" data-id=\"c5546f3\" data-element_type=\"column\" data-settings=\"{&quot;animation&quot;:&quot;zoomIn&quot;}\">\n\t\t\t<div class=\"elementor-widget-wrap elementor-element-populated\">\n\t\t\t\t\t\t<div class=\"elementor-element elementor-element-374a28c elementor-widget elementor-widget-image\" data-id=\"374a28c\" data-element_type=\"widget\" data-widget_type=\"image.default\">\n\t\t\t\t<div class=\"elementor-widget-container\">\n\t\t\t<style>\/*! elementor - v3.19.0 - 07-02-2024 *\/\n.elementor-widget-image{text-align:center}.elementor-widget-image a{display:inline-block}.elementor-widget-image a img[src$=\".svg\"]{width:48px}.elementor-widget-image img{vertical-align:middle;display:inline-block}<\/style>\t\t\t\t\t\t\t\t\t\t\t<a href=\"https:\/\/bukszocialis.hu\/?page_id=650\">\n\t\t\t\t\t\t\t<img fetchpriority=\"high\" decoding=\"async\" width=\"300\" height=\"200\" src=\"https:\/\/bukszocialis.hu\/wp-content\/uploads\/2022\/03\/six-keys-to-happiness-for-older-adults-300x200.webp\" class=\"elementor-animation-bob attachment-medium size-medium wp-image-209\" alt=\"\" srcset=\"https:\/\/bukszocialis.hu\/wp-content\/uploads\/2022\/03\/six-keys-to-happiness-for-older-adults-300x200.webp 300w, https:\/\/bukszocialis.hu\/wp-content\/uploads\/2022\/03\/six-keys-to-happiness-for-older-adults-768x512.webp 768w, https:\/\/bukszocialis.hu\/wp-content\/uploads\/2022\/03\/six-keys-to-happiness-for-older-adults.webp 1024w\" sizes=\"(max-width: 300px) 100vw, 300px\" \/>\t\t\t\t\t\t\t\t<\/a>\n\t\t\t\t\t\t\t\t\t\t\t\t\t<\/div>\n\t\t\t\t<\/div>\n\t\t\t\t<div class=\"elementor-element elementor-element-e0d8367 elementor-widget elementor-widget-text-editor\" data-id=\"e0d8367\" data-element_type=\"widget\" data-widget_type=\"text-editor.default\">\n\t\t\t\t<div class=\"elementor-widget-container\">\n\t\t\t\t\t\t\t<h6 style=\"text-align: center;\">Id\u0151sek otthona<\/h6>\n<h6 style=\"text-align: center;\"><span style=\"font-size: 12pt; font-weight: normal;\">Az id\u0151skor\u00faak tart\u00f3s bentlak\u00e1sos szoci\u00e1lis ell\u00e1t\u00e1sa<\/span><\/h6>\t\t\t\t\t\t<\/div>\n\t\t\t\t<\/div>\n\t\t\t\t<div class=\"elementor-element elementor-element-4872656 elementor-align-center elementor-widget elementor-widget-button\" data-id=\"4872656\" data-element_type=\"widget\" data-widget_type=\"button.default\">\n\t\t\t\t<div class=\"elementor-widget-container\">\n\t\t\t\t\t<div class=\"elementor-button-wrapper\">\n\t\t\t<a class=\"elementor-button elementor-button-link elementor-size-xs\" href=\"https:\/\/bukszocialis.hu\/?page_id=650\">\n\t\t\t\t\t\t<span class=\"elementor-button-content-wrapper\">\n\t\t\t\t\t\t<span class=\"elementor-button-text\">R\u00e9szletek<\/span>\n\t\t<\/span>\n\t\t\t\t\t<\/a>\n\t\t<\/div>\n\t\t\t\t<\/div>\n\t\t\t\t<\/div>\n\t\t\t\t\t<\/div>\n\t\t<\/div>\n\t\t\t\t<div class=\"elementor-column elementor-col-50 elementor-top-column elementor-element elementor-element-ecab1d7 elementor-invisible\" data-id=\"ecab1d7\" data-element_type=\"column\" data-settings=\"{&quot;animation&quot;:&quot;zoomIn&quot;}\">\n\t\t\t<div class=\"elementor-widget-wrap elementor-element-populated\">\n\t\t\t\t\t\t<div class=\"elementor-element elementor-element-ec254bf elementor-widget elementor-widget-image\" data-id=\"ec254bf\" data-element_type=\"widget\" data-widget_type=\"image.default\">\n\t\t\t\t<div class=\"elementor-widget-container\">\n\t\t\t\t\t\t\t\t\t\t\t\t\t\t<a href=\"https:\/\/bukszocialis.hu\/?page_id=657\">\n\t\t\t\t\t\t\t<img decoding=\"async\" width=\"300\" height=\"200\" src=\"https:\/\/bukszocialis.hu\/wp-content\/uploads\/2022\/06\/Szorolap_002-300x200.jpg\" class=\"elementor-animation-bob attachment-medium size-medium wp-image-363\" alt=\"\" srcset=\"https:\/\/bukszocialis.hu\/wp-content\/uploads\/2022\/06\/Szorolap_002-300x200.jpg 300w, https:\/\/bukszocialis.hu\/wp-content\/uploads\/2022\/06\/Szorolap_002-1024x682.jpg 1024w, https:\/\/bukszocialis.hu\/wp-content\/uploads\/2022\/06\/Szorolap_002-768x512.jpg 768w, https:\/\/bukszocialis.hu\/wp-content\/uploads\/2022\/06\/Szorolap_002-1536x1024.jpg 1536w, https:\/\/bukszocialis.hu\/wp-content\/uploads\/2022\/06\/Szorolap_002.jpg 2000w\" sizes=\"(max-width: 300px) 100vw, 300px\" \/>\t\t\t\t\t\t\t\t<\/a>\n\t\t\t\t\t\t\t\t\t\t\t\t\t<\/div>\n\t\t\t\t<\/div>\n\t\t\t\t<div class=\"elementor-element elementor-element-25aa0ef elementor-widget elementor-widget-text-editor\" data-id=\"25aa0ef\" data-element_type=\"widget\" data-widget_type=\"text-editor.default\">\n\t\t\t\t<div class=\"elementor-widget-container\">\n\t\t\t\t\t\t\t<h6 style=\"text-align: center;\"><span style=\"font-size: 12pt; color: var( --edupress-primary-text-color ); font-family: var( --edupress-ff-primary ); background-color: var( --edupress-neutral-color-100 );\">Szoci\u00e1lis \u00e9tkeztet\u00e9s<\/span><\/h6><h6 style=\"text-align: center;\"><span style=\"font-size: 12pt; color: var( --edupress-primary-text-color ); font-family: var( --edupress-ff-primary ); background-color: var( --edupress-neutral-color-100 ); font-weight: normal;\">Az id\u0151skor\u00faak sz\u00e1m\u00e1ra napi egyszeri \u00e9tkez\u00e9s biztos\u00edt\u00e1sa<\/span><\/h6>\t\t\t\t\t\t<\/div>\n\t\t\t\t<\/div>\n\t\t\t\t<div class=\"elementor-element elementor-element-7f706b2 elementor-align-center elementor-widget elementor-widget-button\" data-id=\"7f706b2\" data-element_type=\"widget\" data-widget_type=\"button.default\">\n\t\t\t\t<div class=\"elementor-widget-container\">\n\t\t\t\t\t<div class=\"elementor-button-wrapper\">\n\t\t\t<a class=\"elementor-button elementor-button-link elementor-size-xs\" href=\"https:\/\/bukszocialis.hu\/?page_id=657\">\n\t\t\t\t\t\t<span class=\"elementor-button-content-wrapper\">\n\t\t\t\t\t\t<span class=\"elementor-button-text\">R\u00e9szletek<\/span>\n\t\t<\/span>\n\t\t\t\t\t<\/a>\n\t\t<\/div>\n\t\t\t\t<\/div>\n\t\t\t\t<\/div>\n\t\t\t\t\t<\/div>\n\t\t<\/div>\n\t\t\t\t\t<\/div>\n\t\t<\/section>\n\t\t\t\t<section class=\"elementor-section elementor-top-section elementor-element elementor-element-86f5293 elementor-section-full_width elementor-section-height-default elementor-section-height-default\" data-id=\"86f5293\" data-element_type=\"section\">\n\t\t\t\t\t\t<div class=\"elementor-container elementor-column-gap-wider\">\n\t\t\t\t\t<div class=\"elementor-column elementor-col-50 elementor-top-column elementor-element elementor-element-918a1ac elementor-invisible\" data-id=\"918a1ac\" data-element_type=\"column\" data-settings=\"{&quot;animation&quot;:&quot;zoomIn&quot;}\">\n\t\t\t<div class=\"elementor-widget-wrap elementor-element-populated\">\n\t\t\t\t\t\t<div class=\"elementor-element elementor-element-2caacc7 elementor-widget elementor-widget-image\" data-id=\"2caacc7\" data-element_type=\"widget\" data-widget_type=\"image.default\">\n\t\t\t\t<div class=\"elementor-widget-container\">\n\t\t\t\t\t\t\t\t\t\t\t\t\t\t<a href=\"\/?page_id=817\">\n\t\t\t\t\t\t\t<img decoding=\"async\" width=\"300\" height=\"200\" src=\"https:\/\/bukszocialis.hu\/wp-content\/uploads\/2022\/06\/home-help-for-the-elderly-300x200.jpeg\" class=\"elementor-animation-bob attachment-medium size-medium wp-image-441\" alt=\"\" srcset=\"https:\/\/bukszocialis.hu\/wp-content\/uploads\/2022\/06\/home-help-for-the-elderly-300x200.jpeg 300w, https:\/\/bukszocialis.hu\/wp-content\/uploads\/2022\/06\/home-help-for-the-elderly-1024x684.jpeg 1024w, https:\/\/bukszocialis.hu\/wp-content\/uploads\/2022\/06\/home-help-for-the-elderly-768x513.jpeg 768w, https:\/\/bukszocialis.hu\/wp-content\/uploads\/2022\/06\/home-help-for-the-elderly.jpeg 1200w\" sizes=\"(max-width: 300px) 100vw, 300px\" \/>\t\t\t\t\t\t\t\t<\/a>\n\t\t\t\t\t\t\t\t\t\t\t\t\t<\/div>\n\t\t\t\t<\/div>\n\t\t\t\t<div class=\"elementor-element elementor-element-a0e9323 elementor-widget elementor-widget-text-editor\" data-id=\"a0e9323\" data-element_type=\"widget\" data-widget_type=\"text-editor.default\">\n\t\t\t\t<div class=\"elementor-widget-container\">\n\t\t\t\t\t\t\t<h6 style=\"text-align: center;\">\u00a0H\u00e1zi seg\u00edts\u00e9gny\u00fajt\u00e1s<\/h6>\n<h6 style=\"text-align: center;\"><span style=\"font-weight: 400;\">Id\u0151sek \u00e9s \u00f6nmagukr\u00f3l gondoskodni nem tud\u00f3 beteg szem\u00e9lyek gondoz\u00e1sa, \u00e1pol\u00e1sa<\/span><\/h6>\t\t\t\t\t\t<\/div>\n\t\t\t\t<\/div>\n\t\t\t\t<div class=\"elementor-element elementor-element-317e017 elementor-align-center elementor-widget elementor-widget-button\" data-id=\"317e017\" data-element_type=\"widget\" data-widget_type=\"button.default\">\n\t\t\t\t<div class=\"elementor-widget-container\">\n\t\t\t\t\t<div class=\"elementor-button-wrapper\">\n\t\t\t<a class=\"elementor-button elementor-button-link elementor-size-xs\" href=\"\/?page_id=817\">\n\t\t\t\t\t\t<span class=\"elementor-button-content-wrapper\">\n\t\t\t\t\t\t<span class=\"elementor-button-text\">R\u00e9szletek<\/span>\n\t\t<\/span>\n\t\t\t\t\t<\/a>\n\t\t<\/div>\n\t\t\t\t<\/div>\n\t\t\t\t<\/div>\n\t\t\t\t\t<\/div>\n\t\t<\/div>\n\t\t\t\t<div class=\"elementor-column elementor-col-50 elementor-top-column elementor-element elementor-element-1285d90 elementor-invisible\" data-id=\"1285d90\" data-element_type=\"column\" data-settings=\"{&quot;animation&quot;:&quot;zoomIn&quot;}\">\n\t\t\t<div class=\"elementor-widget-wrap elementor-element-populated\">\n\t\t\t\t\t\t<div class=\"elementor-element elementor-element-0da1485 elementor-widget elementor-widget-image\" data-id=\"0da1485\" data-element_type=\"widget\" data-widget_type=\"image.default\">\n\t\t\t\t<div class=\"elementor-widget-container\">\n\t\t\t\t\t\t\t\t\t\t\t\t\t\t<a href=\"\/?page_id=827\">\n\t\t\t\t\t\t\t<img loading=\"lazy\" decoding=\"async\" width=\"300\" height=\"200\" src=\"https:\/\/bukszocialis.hu\/wp-content\/uploads\/2022\/06\/adult-day-care-300x200.jpg\" class=\"elementor-animation-bob attachment-medium size-medium wp-image-443\" alt=\"\" srcset=\"https:\/\/bukszocialis.hu\/wp-content\/uploads\/2022\/06\/adult-day-care-300x200.jpg 300w, https:\/\/bukszocialis.hu\/wp-content\/uploads\/2022\/06\/adult-day-care-768x512.jpg 768w, https:\/\/bukszocialis.hu\/wp-content\/uploads\/2022\/06\/adult-day-care.jpg 800w\" sizes=\"(max-width: 300px) 100vw, 300px\" \/>\t\t\t\t\t\t\t\t<\/a>\n\t\t\t\t\t\t\t\t\t\t\t\t\t<\/div>\n\t\t\t\t<\/div>\n\t\t\t\t<div class=\"elementor-element elementor-element-251aa67 elementor-widget elementor-widget-text-editor\" data-id=\"251aa67\" data-element_type=\"widget\" data-widget_type=\"text-editor.default\">\n\t\t\t\t<div class=\"elementor-widget-container\">\n\t\t\t\t\t\t\t<h6 style=\"text-align: center;\"><span style=\"font-size: 12pt; color: var( --edupress-primary-text-color ); font-family: var( --edupress-ff-primary ); background-color: var( --edupress-neutral-color-100 );\">Id\u0151skor\u00faak nappali ell\u00e1t\u00e1sa<\/span><\/h6>\n<h6 style=\"text-align: center;\"><span style=\"font-size: 12pt; color: var( --edupress-primary-text-color ); font-family: var( --edupress-ff-primary ); background-color: var( --edupress-neutral-color-100 ); font-weight: normal;\">A saj\u00e1t otthonukban \u00e9l\u0151, t\u00e1rsas\u00e1gra v\u00e1gy\u00f3 id\u0151skor\u00faak nappali ell\u00e1t\u00e1sa<\/span><\/h6>\t\t\t\t\t\t<\/div>\n\t\t\t\t<\/div>\n\t\t\t\t<div class=\"elementor-element elementor-element-4cab08c elementor-align-center elementor-widget elementor-widget-button\" data-id=\"4cab08c\" data-element_type=\"widget\" data-widget_type=\"button.default\">\n\t\t\t\t<div class=\"elementor-widget-container\">\n\t\t\t\t\t<div class=\"elementor-button-wrapper\">\n\t\t\t<a class=\"elementor-button elementor-button-link elementor-size-xs\" href=\"\/?page_id=827\">\n\t\t\t\t\t\t<span class=\"elementor-button-content-wrapper\">\n\t\t\t\t\t\t<span class=\"elementor-button-text\">R\u00e9szletek<\/span>\n\t\t<\/span>\n\t\t\t\t\t<\/a>\n\t\t<\/div>\n\t\t\t\t<\/div>\n\t\t\t\t<\/div>\n\t\t\t\t\t<\/div>\n\t\t<\/div>\n\t\t\t\t\t<\/div>\n\t\t<\/section>\n\t\t\t\t<\/div>\n\t\t","protected":false},"excerpt":{"rendered":"<p>Munk\u00e1nkat\u00a0a n\u00e9lk\u00fcl\u00f6z\u0151, szenved\u0151, a t\u00e1rsadalom perif\u00e9ri\u00e1j\u00e1ra szorult emberrel val\u00f3 egy\u00fctt\u00e9rz\u00e9s jellemzi. Az \u00e9letet szolg\u00e1ljuk annak kezdet\u00e9t\u0151l a v\u00e9g\u00e9ig.\u00a0A r\u00e1nk b\u00edzottak kit\u00fcntet\u0151 szolg\u00e1lat\u00e1t emberhez m\u00e9lt\u00f3 m\u00f3don v\u00e9gezz\u00fck. Id\u0151sek otthona Az id\u0151skor\u00faak&#8230; <\/p>\n","protected":false},"author":1,"featured_media":0,"parent":0,"menu_order":0,"comment_status":"closed","ping_status":"closed","template":"","meta":{"ngg_post_thumbnail":0,"footnotes":""},"class_list":["post-11","page","type-page","status-publish","hentry"],"yoast_head":"<!-- This site is optimized with the Yoast SEO plugin v19.6.1 - https:\/\/yoast.com\/wordpress\/plugins\/seo\/ -->\n<title>Szolg\u00e1ltat\u00e1sok - Dr. Horv\u00e1th Tibor Szoci\u00e1lis K\u00f6zpont<\/title>\n<meta name=\"robots\" content=\"index, follow, max-snippet:-1, max-image-preview:large, max-video-preview:-1\" \/>\n<link rel=\"canonical\" href=\"https:\/\/bukszocialis.hu\/?page_id=11\" \/>\n<meta property=\"og:locale\" content=\"hu_HU\" \/>\n<meta property=\"og:type\" content=\"article\" \/>\n<meta property=\"og:title\" content=\"Szolg\u00e1ltat\u00e1sok - Dr. Horv\u00e1th Tibor Szoci\u00e1lis K\u00f6zpont\" \/>\n<meta property=\"og:description\" content=\"Munk\u00e1nkat\u00a0a n\u00e9lk\u00fcl\u00f6z\u0151, szenved\u0151, a t\u00e1rsadalom perif\u00e9ri\u00e1j\u00e1ra szorult emberrel val\u00f3 egy\u00fctt\u00e9rz\u00e9s jellemzi. Az \u00e9letet szolg\u00e1ljuk annak kezdet\u00e9t\u0151l a v\u00e9g\u00e9ig.\u00a0A r\u00e1nk b\u00edzottak kit\u00fcntet\u0151 szolg\u00e1lat\u00e1t emberhez m\u00e9lt\u00f3 m\u00f3don v\u00e9gezz\u00fck. Id\u0151sek otthona Az id\u0151skor\u00faak...\" \/>\n<meta property=\"og:url\" content=\"https:\/\/bukszocialis.hu\/?page_id=11\" \/>\n<meta property=\"og:site_name\" content=\"Dr. Horv\u00e1th Tibor Szoci\u00e1lis K\u00f6zpont\" \/>\n<meta property=\"article:modified_time\" content=\"2022-09-01T09:38:42+00:00\" \/>\n<meta property=\"og:image\" content=\"https:\/\/bukszocialis.hu\/wp-content\/uploads\/2022\/03\/six-keys-to-happiness-for-older-adults-300x200.webp\" \/>\n<meta name=\"twitter:card\" content=\"summary_large_image\" \/>\n<meta name=\"twitter:label1\" content=\"Becs\u00fclt olvas\u00e1si id\u0151\" \/>\n\t<meta name=\"twitter:data1\" content=\"1 perc\" \/>\n<script type=\"application\/ld+json\" class=\"yoast-schema-graph\">{\"@context\":\"https:\/\/schema.org\",\"@graph\":[{\"@type\":\"WebPage\",\"@id\":\"https:\/\/bukszocialis.hu\/?page_id=11\",\"url\":\"https:\/\/bukszocialis.hu\/?page_id=11\",\"name\":\"Szolg\u00e1ltat\u00e1sok - Dr. Horv\u00e1th Tibor Szoci\u00e1lis K\u00f6zpont\",\"isPartOf\":{\"@id\":\"https:\/\/bukszocialis.hu\/#website\"},\"datePublished\":\"2022-03-08T10:43:07+00:00\",\"dateModified\":\"2022-09-01T09:38:42+00:00\",\"breadcrumb\":{\"@id\":\"https:\/\/bukszocialis.hu\/?page_id=11#breadcrumb\"},\"inLanguage\":\"hu\",\"potentialAction\":[{\"@type\":\"ReadAction\",\"target\":[\"https:\/\/bukszocialis.hu\/?page_id=11\"]}]},{\"@type\":\"BreadcrumbList\",\"@id\":\"https:\/\/bukszocialis.hu\/?page_id=11#breadcrumb\",\"itemListElement\":[{\"@type\":\"ListItem\",\"position\":1,\"name\":\"Kezd\u0151lap\",\"item\":\"https:\/\/bukszocialis.hu\/\"},{\"@type\":\"ListItem\",\"position\":2,\"name\":\"Szolg\u00e1ltat\u00e1sok\"}]},{\"@type\":\"WebSite\",\"@id\":\"https:\/\/bukszocialis.hu\/#website\",\"url\":\"https:\/\/bukszocialis.hu\/\",\"name\":\"Dr. Horv\u00e1th Tibor Szoci\u00e1lis K\u00f6zpont\",\"description\":\"\",\"publisher\":{\"@id\":\"https:\/\/bukszocialis.hu\/#organization\"},\"potentialAction\":[{\"@type\":\"SearchAction\",\"target\":{\"@type\":\"EntryPoint\",\"urlTemplate\":\"https:\/\/bukszocialis.hu\/?s={search_term_string}\"},\"query-input\":\"required name=search_term_string\"}],\"inLanguage\":\"hu\"},{\"@type\":\"Organization\",\"@id\":\"https:\/\/bukszocialis.hu\/#organization\",\"name\":\"Dr. Horv\u00e1th Tibor Szoci\u00e1lis K\u00f6zpont\",\"url\":\"https:\/\/bukszocialis.hu\/\",\"sameAs\":[],\"logo\":{\"@type\":\"ImageObject\",\"inLanguage\":\"hu\",\"@id\":\"https:\/\/bukszocialis.hu\/#\/schema\/logo\/image\/\",\"url\":\"https:\/\/bukszocialis.hu\/wp-content\/uploads\/2022\/06\/cropped-Horvath-Tibor-Szoc_kozp-Color01-kek-03_uj.png\",\"contentUrl\":\"https:\/\/bukszocialis.hu\/wp-content\/uploads\/2022\/06\/cropped-Horvath-Tibor-Szoc_kozp-Color01-kek-03_uj.png\",\"width\":1164,\"height\":436,\"caption\":\"Dr. Horv\u00e1th Tibor Szoci\u00e1lis K\u00f6zpont\"},\"image\":{\"@id\":\"https:\/\/bukszocialis.hu\/#\/schema\/logo\/image\/\"}}]}<\/script>\n<!-- \/ Yoast SEO plugin. -->","yoast_head_json":{"title":"Szolg\u00e1ltat\u00e1sok - Dr. Horv\u00e1th Tibor Szoci\u00e1lis K\u00f6zpont","robots":{"index":"index","follow":"follow","max-snippet":"max-snippet:-1","max-image-preview":"max-image-preview:large","max-video-preview":"max-video-preview:-1"},"canonical":"https:\/\/bukszocialis.hu\/?page_id=11","og_locale":"hu_HU","og_type":"article","og_title":"Szolg\u00e1ltat\u00e1sok - Dr. Horv\u00e1th Tibor Szoci\u00e1lis K\u00f6zpont","og_description":"Munk\u00e1nkat\u00a0a n\u00e9lk\u00fcl\u00f6z\u0151, szenved\u0151, a t\u00e1rsadalom perif\u00e9ri\u00e1j\u00e1ra szorult emberrel val\u00f3 egy\u00fctt\u00e9rz\u00e9s jellemzi. Az \u00e9letet szolg\u00e1ljuk annak kezdet\u00e9t\u0151l a v\u00e9g\u00e9ig.\u00a0A r\u00e1nk b\u00edzottak kit\u00fcntet\u0151 szolg\u00e1lat\u00e1t emberhez m\u00e9lt\u00f3 m\u00f3don v\u00e9gezz\u00fck. Id\u0151sek otthona Az id\u0151skor\u00faak...","og_url":"https:\/\/bukszocialis.hu\/?page_id=11","og_site_name":"Dr. Horv\u00e1th Tibor Szoci\u00e1lis K\u00f6zpont","article_modified_time":"2022-09-01T09:38:42+00:00","og_image":[{"url":"https:\/\/bukszocialis.hu\/wp-content\/uploads\/2022\/03\/six-keys-to-happiness-for-older-adults-300x200.webp"}],"twitter_card":"summary_large_image","twitter_misc":{"Becs\u00fclt olvas\u00e1si id\u0151":"1 perc"},"schema":{"@context":"https:\/\/schema.org","@graph":[{"@type":"WebPage","@id":"https:\/\/bukszocialis.hu\/?page_id=11","url":"https:\/\/bukszocialis.hu\/?page_id=11","name":"Szolg\u00e1ltat\u00e1sok - Dr. Horv\u00e1th Tibor Szoci\u00e1lis K\u00f6zpont","isPartOf":{"@id":"https:\/\/bukszocialis.hu\/#website"},"datePublished":"2022-03-08T10:43:07+00:00","dateModified":"2022-09-01T09:38:42+00:00","breadcrumb":{"@id":"https:\/\/bukszocialis.hu\/?page_id=11#breadcrumb"},"inLanguage":"hu","potentialAction":[{"@type":"ReadAction","target":["https:\/\/bukszocialis.hu\/?page_id=11"]}]},{"@type":"BreadcrumbList","@id":"https:\/\/bukszocialis.hu\/?page_id=11#breadcrumb","itemListElement":[{"@type":"ListItem","position":1,"name":"Kezd\u0151lap","item":"https:\/\/bukszocialis.hu\/"},{"@type":"ListItem","position":2,"name":"Szolg\u00e1ltat\u00e1sok"}]},{"@type":"WebSite","@id":"https:\/\/bukszocialis.hu\/#website","url":"https:\/\/bukszocialis.hu\/","name":"Dr. Horv\u00e1th Tibor Szoci\u00e1lis K\u00f6zpont","description":"","publisher":{"@id":"https:\/\/bukszocialis.hu\/#organization"},"potentialAction":[{"@type":"SearchAction","target":{"@type":"EntryPoint","urlTemplate":"https:\/\/bukszocialis.hu\/?s={search_term_string}"},"query-input":"required name=search_term_string"}],"inLanguage":"hu"},{"@type":"Organization","@id":"https:\/\/bukszocialis.hu\/#organization","name":"Dr. Horv\u00e1th Tibor Szoci\u00e1lis K\u00f6zpont","url":"https:\/\/bukszocialis.hu\/","sameAs":[],"logo":{"@type":"ImageObject","inLanguage":"hu","@id":"https:\/\/bukszocialis.hu\/#\/schema\/logo\/image\/","url":"https:\/\/bukszocialis.hu\/wp-content\/uploads\/2022\/06\/cropped-Horvath-Tibor-Szoc_kozp-Color01-kek-03_uj.png","contentUrl":"https:\/\/bukszocialis.hu\/wp-content\/uploads\/2022\/06\/cropped-Horvath-Tibor-Szoc_kozp-Color01-kek-03_uj.png","width":1164,"height":436,"caption":"Dr. Horv\u00e1th Tibor Szoci\u00e1lis K\u00f6zpont"},"image":{"@id":"https:\/\/bukszocialis.hu\/#\/schema\/logo\/image\/"}}]}},"_links":{"self":[{"href":"https:\/\/bukszocialis.hu\/index.php?rest_route=\/wp\/v2\/pages\/11","targetHints":{"allow":["GET"]}}],"collection":[{"href":"https:\/\/bukszocialis.hu\/index.php?rest_route=\/wp\/v2\/pages"}],"about":[{"href":"https:\/\/bukszocialis.hu\/index.php?rest_route=\/wp\/v2\/types\/page"}],"author":[{"embeddable":true,"href":"https:\/\/bukszocialis.hu\/index.php?rest_route=\/wp\/v2\/users\/1"}],"replies":[{"embeddable":true,"href":"https:\/\/bukszocialis.hu\/index.php?rest_route=%2Fwp%2Fv2%2Fcomments&post=11"}],"version-history":[{"count":176,"href":"https:\/\/bukszocialis.hu\/index.php?rest_route=\/wp\/v2\/pages\/11\/revisions"}],"predecessor-version":[{"id":840,"href":"https:\/\/bukszocialis.hu\/index.php?rest_route=\/wp\/v2\/pages\/11\/revisions\/840"}],"wp:attachment":[{"href":"https:\/\/bukszocialis.hu\/index.php?rest_route=%2Fwp%2Fv2%2Fmedia&parent=11"}],"curies":[{"name":"wp","href":"https:\/\/api.w.org\/{rel}","templated":true}]}}